{"id":996,"date":"2022-04-19T15:07:41","date_gmt":"2022-04-19T15:07:41","guid":{"rendered":"https:\/\/www.nbscia.ca\/?page_id=996"},"modified":"2026-04-16T18:33:41","modified_gmt":"2026-04-16T18:33:41","slug":"parrainage","status":"publish","type":"page","link":"https:\/\/www.nbscia.ca\/fr\/parrainage\/","title":{"rendered":"Parrainage"},"content":{"rendered":"\n<h1>\n\t\t\t AASCNB\t<\/h1>\n<h2>\n\t\t\tAm\u00e9lioration de la durabilit\u00e9<br \/>des sols et des cultures au<br \/>Nouveau-Brunswick\t<\/h2>\n\n<h2>\n\t\t\tMerci \u00e0 nos partenaires et sponsors\t<\/h2>\n<h2>\n\t\t\tRainmakers\t<\/h2>\n<figure itemscope itemtype=\"https:\/\/schema.org\/ImageObject\">\n\t\t\t\t<img decoding=\"async\" src=\"https:\/\/www.nbscia.ca\/wp-content\/uploads\/2024\/05\/8764.png\" alt=\"8764\" height=\"407\" width=\"1992\" title=\"8764\" onerror=\"this.style.display='none'\" loading=\"lazy\" \/>\n\t<\/figure>\n\t<p><a href=\"https:\/\/www2.gnb.ca\/content\/gnb\/en\/departments\/10\/agriculture\/content\/agriculture_programs.html\">gnb.ca<\/a><\/p>\n<figure itemscope itemtype=\"https:\/\/schema.org\/ImageObject\">\n\t\t\t\t<img decoding=\"async\" src=\"https:\/\/www.nbscia.ca\/wp-content\/uploads\/2022\/03\/pioneer.jpg\" alt=\"pioneer\" height=\"171\" width=\"910\" title=\"pioneer\" onerror=\"this.style.display='none'\" loading=\"lazy\" \/>\n\t<\/figure>\n<figure itemscope itemtype=\"https:\/\/schema.org\/ImageObject\">\n\t\t\t\t<img decoding=\"async\" src=\"https:\/\/www.nbscia.ca\/wp-content\/uploads\/2022\/03\/corteva.png\" alt=\"corteva\" height=\"80\" width=\"405\" title=\"corteva\" onerror=\"this.style.display='none'\" loading=\"lazy\" \/>\n\t<\/figure>\n\t<p><a href=\"https:\/\/www.corteva.com\/\">corteva.com<\/a><\/p>\n<figure itemscope itemtype=\"https:\/\/schema.org\/ImageObject\">\n\t\t\t\t<img decoding=\"async\" src=\"https:\/\/www.nbscia.ca\/wp-content\/uploads\/2024\/06\/Canada-wordmark_color-1-300x72.jpg\" alt=\"Canada wordmark_color\" height=\"72\" width=\"300\" title=\"Canada wordmark_color\" onerror=\"this.style.display='none'\" loading=\"lazy\" \/>\n\t<\/figure>\n\t<p><a href=\"https:\/\/www.canada.ca\/fr.html\">canada.ca<\/a><\/p>\n<figure itemscope itemtype=\"https:\/\/schema.org\/ImageObject\">\n\t\t\t\t<img decoding=\"async\" src=\"https:\/\/www.nbscia.ca\/wp-content\/uploads\/2026\/04\/grand-falls-tractor-transparent.png\" alt=\"grand falls tractor transparent\" height=\"411\" width=\"1463\" title=\"grand falls tractor transparent\" onerror=\"this.style.display='none'\" loading=\"lazy\" \/>\n\t<\/figure>\n\t<p><a href=\"http:\/\/jngtheriault.com\">jngtheriault.com<\/a><\/p>\n<figure itemscope itemtype=\"https:\/\/schema.org\/ImageObject\">\n\t\t\t\t<img decoding=\"async\" src=\"https:\/\/www.nbscia.ca\/wp-content\/uploads\/2023\/07\/fcc-300x181.jpg\" alt=\"fcc\" height=\"181\" width=\"300\" title=\"fcc\" onerror=\"this.style.display='none'\" loading=\"lazy\" \/>\n\t<\/figure>\n\t<p><a href=\"https:\/\/www.fcc-fac.ca\/fr\">fcc-fac.ca<\/a><\/p>\n<figure itemscope itemtype=\"https:\/\/schema.org\/ImageObject\">\n\t\t\t\t<img decoding=\"async\" src=\"https:\/\/www.nbscia.ca\/wp-content\/uploads\/2025\/03\/BilingualSENBLogo-with-Tagline-1.png\" alt=\"BilingualSENBLogo with Tagline (1)\" height=\"393\" width=\"2545\" title=\"BilingualSENBLogo with Tagline (1)\" onerror=\"this.style.display='none'\" loading=\"lazy\" \/>\n\t<\/figure>\n\t<p><a href=\"https:\/\/www.nbpower.com\/Welcome.aspx?lang=en\">nbpower.com<\/a><\/p>\n<h2>\n\t\t\tBarn Raisers\t<\/h2>\n<figure itemscope itemtype=\"https:\/\/schema.org\/ImageObject\">\n\t\t\t\t<img decoding=\"async\" src=\"https:\/\/www.nbscia.ca\/wp-content\/uploads\/2024\/06\/NB-colour-transparent-300x120.png\" alt=\"NB-colour-transparent\" height=\"120\" width=\"300\" title=\"NB-colour-transparent\" onerror=\"this.style.display='none'\" loading=\"lazy\" \/>\n\t<\/figure>\n\t<p><a href=\"https:\/\/gnb.ca\/\">gnb.ca<\/a><\/p>\n<figure itemscope itemtype=\"https:\/\/schema.org\/ImageObject\">\n\t\t\t\t<img decoding=\"async\" src=\"https:\/\/www.nbscia.ca\/wp-content\/uploads\/2025\/03\/CAS-logo-300x102.jpg\" alt=\"CAS logo\" height=\"102\" width=\"300\" title=\"CAS logo\" onerror=\"this.style.display='none'\" loading=\"lazy\" \/>\n\t<\/figure>\n\t<p><a href=\"https:\/\/www.carletonagrisolutions.com\/\">carletonagrisolutions.com\/<\/a><\/p>\n<figure itemscope itemtype=\"https:\/\/schema.org\/ImageObject\">\n\t\t\t\t<img decoding=\"async\" src=\"https:\/\/www.nbscia.ca\/wp-content\/uploads\/2026\/04\/LP-Consulting-300x279.png\" alt=\"LP Consulting\" height=\"279\" width=\"300\" title=\"LP Consulting\" onerror=\"this.style.display='none'\" loading=\"lazy\" \/>\n\t<\/figure>\n\t<p><a href=\"https:\/\/www.lpconsulting.ca\/\">lpconsulting.ca\/<\/a><\/p>\n<figure itemscope itemtype=\"https:\/\/schema.org\/ImageObject\">\n\t\t\t\t<img decoding=\"async\" src=\"https:\/\/www.nbscia.ca\/wp-content\/uploads\/2024\/06\/AGTIV_LOGO_HORIZONTAL_10012022_RVB-300x93.png\" alt=\"AGTIV_LOGO_HORIZONTAL_10012022_RVB\" height=\"93\" width=\"300\" title=\"AGTIV_LOGO_HORIZONTAL_10012022_RVB\" onerror=\"this.style.display='none'\" loading=\"lazy\" \/>\n\t<\/figure>\n\t<p><a href=\"https:\/\/www.premiertech.com\/\">premiertech.com<\/a><\/p>\n<figure itemscope itemtype=\"https:\/\/schema.org\/ImageObject\">\n\t\t\t\t<img decoding=\"async\" src=\"https:\/\/www.nbscia.ca\/wp-content\/uploads\/2024\/06\/AANB-logo-jpg-300x73.jpg\" alt=\"AANB logo jpg\" height=\"73\" width=\"300\" title=\"AANB logo jpg\" onerror=\"this.style.display='none'\" loading=\"lazy\" \/>\n\t<\/figure>\n\t<p><a href=\"http:\/\/fermenbfarm.ca\/\">fermenbfarm.ca\/<\/a><\/p>\n<figure itemscope itemtype=\"https:\/\/schema.org\/ImageObject\">\n\t\t\t\t<img decoding=\"async\" src=\"https:\/\/www.nbscia.ca\/wp-content\/uploads\/2026\/04\/Nova.png\" alt=\"Nova\" height=\"127\" width=\"737\" title=\"Nova\" onerror=\"this.style.display='none'\" loading=\"lazy\" \/>\n\t<\/figure>\n\t<p><a href=\"https:\/\/www.novaintl.ca\/\">novaintl.ca\/<\/a><\/p>\n<h2>\n\t\t\tHarvesters\t<\/h2>\n<figure itemscope itemtype=\"https:\/\/schema.org\/ImageObject\">\n\t\t\t\t<img decoding=\"async\" src=\"https:\/\/www.nbscia.ca\/wp-content\/uploads\/2022\/03\/brookville.png\" alt=\"brookville\" height=\"304\" width=\"503\" title=\"brookville\" onerror=\"this.style.display='none'\" loading=\"lazy\" \/>\n\t<\/figure>\n\t<p><a href=\"http:\/\/www.brookvillelime.com\/\">brookvillelime.com<\/a><\/p>\n<figure itemscope itemtype=\"https:\/\/schema.org\/ImageObject\">\n\t\t\t\t<img decoding=\"async\" src=\"https:\/\/www.nbscia.ca\/wp-content\/uploads\/2023\/07\/fundy-300x205.jpg\" alt=\"fundy\" height=\"205\" width=\"300\" title=\"fundy\" onerror=\"this.style.display='none'\" loading=\"lazy\" \/>\n\t<\/figure>\n\t<p><a href=\"https:\/\/fundy-ag.com\/\">fundy-ag.com<\/a><\/p>\n<figure itemscope itemtype=\"https:\/\/schema.org\/ImageObject\">\n\t\t\t\t<img decoding=\"async\" src=\"https:\/\/www.nbscia.ca\/wp-content\/uploads\/2024\/06\/2023-New-Semican-Logo-V2-300x226.jpg\" alt=\"Web\" height=\"226\" width=\"300\" title=\"Web\" onerror=\"this.style.display='none'\" loading=\"lazy\" \/>\n\t<\/figure>\n\t<p><a href=\"https:\/\/semican360.com\/en-ca\/\">semican360.com<\/a><\/p>\n<figure itemscope itemtype=\"https:\/\/schema.org\/ImageObject\">\n\t\t\t\t<img decoding=\"async\" src=\"https:\/\/www.nbscia.ca\/wp-content\/uploads\/2026\/04\/Screenshot-2025-02-13-115355.png\" alt=\"Screenshot 2025-02-13 115355\" height=\"899\" width=\"1240\" title=\"Screenshot 2025-02-13 115355\" onerror=\"this.style.display='none'\" loading=\"lazy\" \/>\n\t<\/figure>\n\t<p><a href=\"https:\/\/cohortwholesale.com\/\">cohortwholesale.com<\/a><\/p>\n<figure itemscope itemtype=\"https:\/\/schema.org\/ImageObject\">\n\t\t\t\t<img decoding=\"async\" src=\"https:\/\/www.nbscia.ca\/wp-content\/uploads\/2025\/03\/Dekalb_Bayer_Logo_w.png\" alt=\"Dekalb_Bayer_Logo_w\" height=\"418\" width=\"1042\" title=\"Dekalb_Bayer_Logo_w\" onerror=\"this.style.display='none'\" loading=\"lazy\" \/>\n\t<\/figure>\n\t<p><a href=\"https:\/\/www.bayer.com\/\">bayer.com<\/a><\/p>\n<h2>\n\t\t\tSeed Sowers\t<\/h2>\n<figure itemscope itemtype=\"https:\/\/schema.org\/ImageObject\">\n\t\t\t\t<img decoding=\"async\" src=\"https:\/\/www.nbscia.ca\/wp-content\/uploads\/2025\/03\/1.DFNB-PLNB.png\" alt=\"1.DFNB-PLNB\" height=\"684\" width=\"639\" title=\"1.DFNB-PLNB\" onerror=\"this.style.display='none'\" loading=\"lazy\" \/>\n\t<\/figure>\n\t<p><a href=\"https:\/\/www.dfnbplnb.com\/\">dfnbplnb.com<\/a><\/p>\n<figure itemscope itemtype=\"https:\/\/schema.org\/ImageObject\">\n\t\t\t\t<img decoding=\"async\" src=\"https:\/\/www.nbscia.ca\/wp-content\/uploads\/2024\/06\/Logo-Maizex-Registered-Unendorsed_Logo-Horiz-RGB-2380.jpg\" alt=\"Logo Maizex-Registered-Unendorsed_Logo-Horiz-RGB-2380\" height=\"1275\" width=\"1650\" title=\"Logo Maizex-Registered-Unendorsed_Logo-Horiz-RGB-2380\" onerror=\"this.style.display='none'\" loading=\"lazy\" \/>\n\t<\/figure>\n\t<p><a href=\"https:\/\/maizex.com\/\">maizex.com<\/a><\/p>\n<figure itemscope itemtype=\"https:\/\/schema.org\/ImageObject\">\n\t\t\t\t<img decoding=\"async\" src=\"https:\/\/www.nbscia.ca\/wp-content\/uploads\/2025\/03\/01385584f8d75741b9094af6f343e077.png\" alt=\"01385584f8d75741b9094af6f343e077\" height=\"352\" width=\"468\" title=\"01385584f8d75741b9094af6f343e077\" onerror=\"this.style.display='none'\" loading=\"lazy\" \/>\n\t<\/figure>\n\t<p><a href=\"https:\/\/cohortwholesale.com\/\">qualityseeds.ca<\/a><\/p>\n<figure itemscope itemtype=\"https:\/\/schema.org\/ImageObject\">\n\t\t\t\t<img decoding=\"async\" src=\"https:\/\/www.nbscia.ca\/wp-content\/uploads\/2026\/04\/Sollio-Agriculture-Logo-Horiz-TM-RGB.png\" alt=\"Sollio-Agriculture-Logo-Horiz-TM-RGB\" height=\"751\" width=\"2203\" title=\"Sollio-Agriculture-Logo-Horiz-TM-RGB\" onerror=\"this.style.display='none'\" loading=\"lazy\" \/>\n\t<\/figure>\n\t<p><a href=\"http:\/\/sollio.ag\/fr\">sollio.ag\/fr<\/a><\/p>\n<figure itemscope itemtype=\"https:\/\/schema.org\/ImageObject\">\n\t\t\t\t<img decoding=\"async\" src=\"https:\/\/www.nbscia.ca\/wp-content\/uploads\/2026\/04\/NBIA-logo-Colour.bmp\" alt=\"NBIA logo (Colour)\" height=\"150\" width=\"250\" title=\"NBIA logo (Colour)\" onerror=\"this.style.display='none'\" loading=\"lazy\" \/>\n\t<\/figure>\n\t<p><a href=\"https:\/\/www.ianbia.com\/\">ianbia.com\/<\/a><\/p>\n\n","protected":false},"excerpt":{"rendered":"<p>AASCNB Am\u00e9lioration de la durabilit\u00e9des sols et des cultures auNouveau-Brunswick Merci \u00e0 nos partenaires et sponsors Rainmakers gnb.ca corteva.com canada.ca jngtheriault.com fcc-fac.ca nbpower.com Barn Raisers gnb.ca carletonagrisolutions.com\/ lpconsulting.ca\/ premiertech.com fermenbfarm.ca\/&hellip;<\/p>\n","protected":false},"author":2,"featured_media":0,"parent":0,"menu_order":0,"comment_status":"closed","ping_status":"closed","template":"","meta":{"footnotes":""},"class_list":["post-996","page","type-page","status-publish","hentry"],"_links":{"self":[{"href":"https:\/\/www.nbscia.ca\/fr\/wp-json\/wp\/v2\/pages\/996","targetHints":{"allow":["GET"]}}],"collection":[{"href":"https:\/\/www.nbscia.ca\/fr\/wp-json\/wp\/v2\/pages"}],"about":[{"href":"https:\/\/www.nbscia.ca\/fr\/wp-json\/wp\/v2\/types\/page"}],"author":[{"embeddable":true,"href":"https:\/\/www.nbscia.ca\/fr\/wp-json\/wp\/v2\/users\/2"}],"replies":[{"embeddable":true,"href":"https:\/\/www.nbscia.ca\/fr\/wp-json\/wp\/v2\/comments?post=996"}],"version-history":[{"count":14,"href":"https:\/\/www.nbscia.ca\/fr\/wp-json\/wp\/v2\/pages\/996\/revisions"}],"predecessor-version":[{"id":2905,"href":"https:\/\/www.nbscia.ca\/fr\/wp-json\/wp\/v2\/pages\/996\/revisions\/2905"}],"wp:attachment":[{"href":"https:\/\/www.nbscia.ca\/fr\/wp-json\/wp\/v2\/media?parent=996"}],"curies":[{"name":"wp","href":"https:\/\/api.w.org\/{rel}","templated":true}]}}