{"id":966,"date":"2022-03-29T18:08:24","date_gmt":"2022-03-29T18:08:24","guid":{"rendered":"https:\/\/www.nbscia.ca\/?page_id=966"},"modified":"2026-03-25T18:01:09","modified_gmt":"2026-03-25T18:01:09","slug":"atelier-technique-annuel-de-laascnb","status":"publish","type":"page","link":"https:\/\/www.nbscia.ca\/fr\/atelier-technique-annuel-de-laascnb\/","title":{"rendered":"Atelier technique annuel de l\u2019AASCNB\ufffc"},"content":{"rendered":"\n<h1>\n\t\t\t AASCNB\t<\/h1>\n<h2>\n\t\t\tAm\u00e9lioration de la durabilit\u00e9<br \/>des sols et des cultures au<br \/>Nouveau-Brunswick\t<\/h2>\n\t<p>47e AGA et atelier technique de l&rsquo;AASCNB<\/p>\n\t<h6><strong>&lt;&lt;Envisager le secteur agroalimentaire du Nouveau-Brunswick en 2050&gt;&gt;<\/strong><\/h6>\n<h6>le 12 &amp; 13 mars 2026<\/h6>\n<h6>\u00e0 l&rsquo;h\u00f4tel Crowne Plaza, Moncton, N-B<\/h6>\n\t<p>La 47e assembl\u00e9e g\u00e9n\u00e9rale annuelle et les ateliers techniques de la NBSCIA se sont d\u00e9roul\u00e9s les 12 et 13 mars \u00e0 l&rsquo;h\u00f4tel Crowne Plaza de Moncton, au Nouveau-Brunswick. Nous avons accueilli plus de 100 participants, y compris nos membres agriculteurs, des conf\u00e9renciers venus de partout au Canada et aux \u00c9tats-Unis, de nombreux professionnels et repr\u00e9sentants du secteur, ainsi que les cinq nomin\u00e9s au titre de \u00ab Ferme de l&rsquo;ann\u00e9e \u00bb. Merci \u00e0 tous ceux qui ont pris le temps d&rsquo;assister \u00e0 notre AGA et \u00e0 nos ateliers techniques !<\/p>\n<p>Les nomin\u00e9s pour le prix de la Ferme de l&rsquo;ann\u00e9e 2025 \u00e9taient la Ferme Les Industries Corriveau (Northwest), la Ferme familiale Villeneuve (Carleton), la Ferme Waygood (Central), Intervale Farms (Moncton) et Energy Fruit Farm (Chignecto). Nous tenons \u00e0 remercier tout particuli\u00e8rement Pioneer Corteva, qui parraine ce prix depuis de nombreuses ann\u00e9es. Les gagnants du prix de la Ferme de l&rsquo;ann\u00e9e 2025 sont Ryan, Albert et Arlene Wesselius, de Intervale Farms \u00e0 Salisbury. F\u00e9licitations \u00e0 la ferme Intervale !<\/p>\n<p>L&rsquo;AGA et les ateliers techniques de 2027 se tiendront dans l&rsquo;ouest de la province.<\/p>\n<figure itemscope itemtype=\"https:\/\/schema.org\/ImageObject\">\n\t\t\t\t<img decoding=\"async\" src=\"https:\/\/www.nbscia.ca\/wp-content\/uploads\/2026\/03\/PXL_20260313_0016096912-300x226.jpg\" alt=\"PXL_20260313_001609691~2\" height=\"226\" width=\"300\" title=\"PXL_20260313_001609691~2\" onerror=\"this.style.display='none'\" loading=\"lazy\" \/>\n\t\t<figcaption>Ferme de l&#039;ann\u00e9e 2025: Intervale Farms<\/figcaption>\n\t<\/figure>\n<figure itemscope itemtype=\"https:\/\/schema.org\/ImageObject\">\n\t\t\t\t<img decoding=\"async\" src=\"https:\/\/www.nbscia.ca\/wp-content\/uploads\/2026\/03\/PXL_20260312_190622186-300x226.jpg\" alt=\"PXL_20260312_190622186\" height=\"226\" width=\"300\" title=\"PXL_20260312_190622186\" onerror=\"this.style.display='none'\" loading=\"lazy\" \/>\n\t\t<figcaption>Pr\u00e9sentation de Beth Martel au sujet du technologie SWOT<\/figcaption>\n\t<\/figure>\n<figure itemscope itemtype=\"https:\/\/schema.org\/ImageObject\">\n\t\t\t\t<img decoding=\"async\" src=\"https:\/\/www.nbscia.ca\/wp-content\/uploads\/2026\/03\/PXL_20260312_223451612.MP_-300x226.jpg\" alt=\"PXL_20260312_223451612.MP\" height=\"226\" width=\"300\" title=\"PXL_20260312_223451612.MP\" onerror=\"this.style.display='none'\" loading=\"lazy\" \/>\n\t\t<figcaption>Gangants du prix du d\u00e9vouement: Geroge Trueman &amp; Winston Jones<\/figcaption>\n\t<\/figure>\n\n","protected":false},"excerpt":{"rendered":"<p>AASCNB Am\u00e9lioration de la durabilit\u00e9des sols et des cultures auNouveau-Brunswick 47e AGA et atelier technique de l&rsquo;AASCNB &lt;&lt;Envisager le secteur agroalimentaire du Nouveau-Brunswick en 2050&gt;&gt; le 12 &amp; 13 mars&hellip;<\/p>\n","protected":false},"author":2,"featured_media":0,"parent":0,"menu_order":0,"comment_status":"closed","ping_status":"closed","template":"","meta":{"footnotes":""},"class_list":["post-966","page","type-page","status-publish","hentry"],"_links":{"self":[{"href":"https:\/\/www.nbscia.ca\/fr\/wp-json\/wp\/v2\/pages\/966","targetHints":{"allow":["GET"]}}],"collection":[{"href":"https:\/\/www.nbscia.ca\/fr\/wp-json\/wp\/v2\/pages"}],"about":[{"href":"https:\/\/www.nbscia.ca\/fr\/wp-json\/wp\/v2\/types\/page"}],"author":[{"embeddable":true,"href":"https:\/\/www.nbscia.ca\/fr\/wp-json\/wp\/v2\/users\/2"}],"replies":[{"embeddable":true,"href":"https:\/\/www.nbscia.ca\/fr\/wp-json\/wp\/v2\/comments?post=966"}],"version-history":[{"count":34,"href":"https:\/\/www.nbscia.ca\/fr\/wp-json\/wp\/v2\/pages\/966\/revisions"}],"predecessor-version":[{"id":2858,"href":"https:\/\/www.nbscia.ca\/fr\/wp-json\/wp\/v2\/pages\/966\/revisions\/2858"}],"wp:attachment":[{"href":"https:\/\/www.nbscia.ca\/fr\/wp-json\/wp\/v2\/media?parent=966"}],"curies":[{"name":"wp","href":"https:\/\/api.w.org\/{rel}","templated":true}]}}