{"id":95,"date":"2020-07-23T20:38:33","date_gmt":"2020-07-23T20:38:33","guid":{"rendered":"http:\/\/nbscia.mightymiramichi.ca\/?page_id=95"},"modified":"2026-05-04T15:06:28","modified_gmt":"2026-05-04T15:06:28","slug":"accueil","status":"publish","type":"page","link":"https:\/\/www.nbscia.ca\/fr\/accueil\/","title":{"rendered":"Accueil"},"content":{"rendered":"\n<h1>\n\t\t\tAASCNB\t<\/h1>\n<h2>\n\t\t\tAm\u00e9lioration de la durabilit\u00e9<br \/>des sols et des cultures au<br \/>Nouveau-Brunswick\t<\/h2>\n<figure itemscope itemtype=\"https:\/\/schema.org\/ImageObject\">\n\t\t\t\t<img decoding=\"async\" src=\"https:\/\/www.nbscia.ca\/wp-content\/uploads\/2023\/09\/WW-harvest-C-23-150x150.jpg\" alt=\"WW harvest C 23\" height=\"150\" width=\"150\" title=\"WW harvest C 23\" onerror=\"this.style.display='none'\" loading=\"lazy\" \/>\n\t<\/figure>\n<h2>\n\t\t<a href=\"https:\/\/www.nbscia.ca\/fr\/evenements\/\" title=\"\u00c9v\u00e9nements\"  target=\"_self\">\n\t\t\t\u00c9v\u00e9nements\t\t<\/a>\n\t<\/h2>\n<figure itemscope itemtype=\"https:\/\/schema.org\/ImageObject\">\n\t\t\t\t<img decoding=\"async\" src=\"https:\/\/www.nbscia.ca\/wp-content\/uploads\/2023\/09\/image0000001-150x150.jpg\" alt=\"image0000001\" height=\"150\" width=\"150\" title=\"image0000001\" onerror=\"this.style.display='none'\" loading=\"lazy\" \/>\n\t<\/figure>\n<h2>\n\t\t<a href=\"https:\/\/www.nbscia.ca\/fr\/locales\/\" title=\"Locales\"  target=\"_self\">\n\t\t\tLocales\t\t<\/a>\n\t<\/h2>\n<figure itemscope itemtype=\"https:\/\/schema.org\/ImageObject\">\n\t\t\t\t<img decoding=\"async\" src=\"https:\/\/www.nbscia.ca\/wp-content\/uploads\/2023\/09\/Weather-map--150x150.png\" alt=\"Weather map\" height=\"150\" width=\"150\" title=\"Weather map\" onerror=\"this.style.display='none'\" loading=\"lazy\" \/>\n\t<\/figure>\n<h2>\n\t\t<a href=\"https:\/\/www.nbscia.ca\/fr\/cartes-meteorologiques\/\" title=\"Cartes M\u00e9t\u00e9orologiques\"  target=\"_self\">\n\t\t\tCartes M\u00e9t\u00e9orologiques\t\t<\/a>\n\t<\/h2>\n<figure itemscope itemtype=\"https:\/\/schema.org\/ImageObject\">\n\t\t\t\t<img decoding=\"async\" src=\"https:\/\/www.nbscia.ca\/wp-content\/uploads\/2023\/09\/processed-6CE68626-F536-4459-9165-E097B587F9B4-5D061734-EC3A-458B-9752-2A835CFA10DD-150x150.jpeg\" alt=\"processed-6CE68626-F536-4459-9165-E097B587F9B4-5D061734-EC3A-458B-9752-2A835CFA10DD\" height=\"150\" width=\"150\" title=\"processed-6CE68626-F536-4459-9165-E097B587F9B4-5D061734-EC3A-458B-9752-2A835CFA10DD\" onerror=\"this.style.display='none'\" loading=\"lazy\" \/>\n\t<\/figure>\n<h2>\n\t\t<a href=\"https:\/\/www.nbscia.ca\/fr\/fiches-dinformation-et-rapports\/\" title=\"Fiches d&#039;information et rapports\"  target=\"_self\">\n\t\t\tFiches d&rsquo;information et rapports\t\t<\/a>\n\t<\/h2>\n<figure itemscope itemtype=\"https:\/\/schema.org\/ImageObject\">\n\t\t\t\t<img decoding=\"async\" src=\"https:\/\/www.nbscia.ca\/wp-content\/uploads\/2023\/09\/ag-canada-website-logo-150x150.png\" alt=\"ag canada website logo\" height=\"150\" width=\"150\" title=\"ag canada website logo\" onerror=\"this.style.display='none'\" loading=\"lazy\" \/>\n\t<\/figure>\n<h2>\n\t\t<a href=\"https:\/\/www.nbscia.ca\/fr\/aide-memoire-programme-fafc\/\" title=\"Fonds d&#039;action \u00e0 la ferme pour le climat\"  target=\"_blank\"  rel=\"noopener\">\n\t\t\tFonds d&rsquo;action \u00e0 la ferme pour le climat\t\t<\/a>\n\t<\/h2>\n<h1>\n\t\t\tL&rsquo;Association pour l&rsquo;am\u00e9lioration du sol et des cultures du Nouveau-Brunswick\t<\/h1>\n\t<p>Le mouvement des sols et des cultures au Nouveau-Brunswick a commenc\u00e9 en 1977 par la formation de plusieurs associations locales. Le nombre de sections locales a augment\u00e9 et un conseil provincial compos\u00e9 de deux directeurs par locales a \u00e9t\u00e9 cr\u00e9\u00e9 &#8211; L&rsquo;Association pour l&rsquo;am\u00e9lioration du sol et des cultures du Nouveau-Brunswick.<\/p>\n<p>Nous avons huit associations locales actives: Nord-Est (CCME), la c\u00f4te Nord (Bathurst), Moncton, Chignecto (Sackville), le comt\u00e9 de Kings, Central (Fredericton), Nord-Ouest (Edmundston) et le comt\u00e9 de Carleton. Les administrateurs au niveau locale et provincial sont des b\u00e9n\u00e9voles. Les frais d&rsquo;adh\u00e9sion annuels sont fix\u00e9s par le conseil provincial avec une partie vers\u00e9e aux associations locales.<\/p>\n<h2>\n\t\t\tDerni\u00e8res Nouvelles\t<\/h2>\n\t<div class=\"cff-wrapper\"><div class=\"cff-wrapper-ctn \" ><div id=\"cff\" data-char=\"400\" class=\"cff cff-theme-default_theme  cff-mob-cols-1 cff-tab-cols-1  cff-timeline-feed cff-all-reviews cff-nojs  cff-lightbox cff-lb\" style=\"width:100%; \" data-fb-text=\"View on Facebook\" data-offset=\"\" data-own-token=\"true\" data-grid-pag=\"cursor\" data-restricted=\"true\" data-lb-comments=\"true\" data-pag-num=\"3\" data-cff-shortcode=\"\" data-postid=\"95\" data-locatornonce=\"d081003b2e\" data-cff-theme=\"default_theme\" ><svg width=\"24px\" height=\"24px\" version=\"1.1\" xmlns=\"http:\/\/www.w3.org\/2000\/svg\" xmlns:xlink=\"http:\/\/www.w3.org\/1999\/xlink\" class=\"cff-screenreader\" role=\"img\" aria-labelledby=\"metaSVGid metaSVGdesc\"><title id=\"metaSVGid\">Comments Box SVG icons<\/title><desc id=\"metaSVGdesc\">Used for the like, share, comment, and reaction icons<\/desc><defs><linearGradient id=\"angryGrad\" x1=\"0\" x2=\"0\" y1=\"0\" y2=\"1\"><stop offset=\"0%\" stop-color=\"#f9ae9e\" \/><stop offset=\"70%\" stop-color=\"#ffe7a4\" \/><\/linearGradient><linearGradient id=\"likeGrad\"><stop offset=\"25%\" stop-color=\"rgba(0,0,0,0.05)\" \/><stop offset=\"26%\" stop-color=\"rgba(255,255,255,0.7)\" \/><\/linearGradient><linearGradient id=\"likeGradHover\"><stop offset=\"25%\" stop-color=\"#a3caff\" \/><stop offset=\"26%\" stop-color=\"#fff\" \/><\/linearGradient><linearGradient id=\"likeGradDark\"><stop offset=\"25%\" stop-color=\"rgba(255,255,255,0.5)\" \/><stop offset=\"26%\" stop-color=\"rgba(255,255,255,0.7)\" \/><\/linearGradient><\/defs><\/svg><div class=\"cff-posts-wrap\"><\/div><span class=\"cff_resized_image_data\" data-feedid=\"cff_32585753094820258575309482095meen0000\" data-resized=\"[{&quot;media_id&quot;:&quot;325857530948209_952817047027145&quot;,&quot;facebook_id&quot;:&quot;325857530948209_952817047027145&quot;,&quot;aspect_ratio&quot;:&quot;0.00&quot;,&quot;sizes&quot;:&quot;[400,250]&quot;},{&quot;media_id&quot;:&quot;325857530948209_950466967262153&quot;,&quot;facebook_id&quot;:&quot;325857530948209_950466967262153&quot;,&quot;aspect_ratio&quot;:&quot;1.00&quot;,&quot;sizes&quot;:&quot;[400,250]&quot;},{&quot;media_id&quot;:&quot;325857530948209_949800553995461&quot;,&quot;facebook_id&quot;:&quot;325857530948209_949800553995461&quot;,&quot;aspect_ratio&quot;:&quot;1.00&quot;,&quot;sizes&quot;:&quot;[400,250]&quot;}]\"><\/span><\/div><\/div><div class=\"cff-clear\"><\/div><\/div>\n\t\t\t<a href=\"https:\/\/www.nbscia.ca\/fr\/mises-a-jour\/\"  target=\"_self\">\n\t\t\t\t\t\t\tLire la suite \u00bb\n\t\t\t\t\t<\/a>\n<h2>\n\t\t\tService offerts\t<\/h2>\n<h4>\n\t\t\tCartographie GPS\t<\/h4>\n<h4>\n\t\t\t\u00c9chantillonnage du sol et interpr\u00e9tation\t<\/h4>\n<h4>\n\t\t\tGestion intensive des cultures\t<\/h4>\n<h4>\n\t\t\tPlanification de gestion des \u00e9l\u00e9ments nutritifs\t<\/h4>\n<h4>\n\t\t\tLutte int\u00e9gr\u00e9e\t<\/h4>\n<figure itemscope itemtype=\"https:\/\/schema.org\/ImageObject\">\n\t\t\t\t<img decoding=\"async\" src=\"https:\/\/www.nbscia.ca\/wp-content\/uploads\/2020\/07\/logo.png\" alt=\"logo\" height=\"116\" width=\"120\" title=\"logo\" onerror=\"this.style.display='none'\" loading=\"lazy\" \/>\n\t<\/figure>\n<h2>\n\t\t\tLe 2025 Ferme de l&rsquo;ann\u00e9e de l&rsquo;AASCNB\t<\/h2>\n\t<p>Nous sommes heureux d&rsquo;annoncer que la ferme de l&rsquo;ann\u00e9e 2025 de l&rsquo;Association pour l&rsquo;am\u00e9lioration des sols et des cultures du Nouveau-Brunswick a \u00e9t\u00e9 d\u00e9cern\u00e9e \u00e0 Intervale Farms. Nous tenons \u00e0 f\u00e9liciter Ryan, Albert et Arlene Wesselius pour leurs efforts incroyables pour am\u00e9liorer la durabilit\u00e9 de leur ferme. Une fois de plus, nous tenons \u00e0 remercier notre commanditaire pour ce prix, Pioneer Corteva.<\/p>\n<figure itemscope itemtype=\"https:\/\/schema.org\/ImageObject\">\n\t\t\t\t<img decoding=\"async\" src=\"https:\/\/www.nbscia.ca\/wp-content\/uploads\/2026\/03\/PXL_20260313_0016096912-scaled.jpg\" alt=\"PXL_20260313_001609691~2\" height=\"1928\" width=\"2560\" title=\"PXL_20260313_001609691~2\" onerror=\"this.style.display='none'\" loading=\"lazy\" \/>\n\t<\/figure>\n\n","protected":false},"excerpt":{"rendered":"<p>AASCNB Am\u00e9lioration de la durabilit\u00e9des sols et des cultures auNouveau-Brunswick \u00c9v\u00e9nements Locales Cartes M\u00e9t\u00e9orologiques Fiches d&rsquo;information et rapports Fonds d&rsquo;action \u00e0 la ferme pour le climat L&rsquo;Association pour l&rsquo;am\u00e9lioration du&hellip;<\/p>\n","protected":false},"author":2,"featured_media":0,"parent":0,"menu_order":0,"comment_status":"closed","ping_status":"closed","template":"","meta":{"footnotes":""},"class_list":["post-95","page","type-page","status-publish","hentry"],"_links":{"self":[{"href":"https:\/\/www.nbscia.ca\/fr\/wp-json\/wp\/v2\/pages\/95","targetHints":{"allow":["GET"]}}],"collection":[{"href":"https:\/\/www.nbscia.ca\/fr\/wp-json\/wp\/v2\/pages"}],"about":[{"href":"https:\/\/www.nbscia.ca\/fr\/wp-json\/wp\/v2\/types\/page"}],"author":[{"embeddable":true,"href":"https:\/\/www.nbscia.ca\/fr\/wp-json\/wp\/v2\/users\/2"}],"replies":[{"embeddable":true,"href":"https:\/\/www.nbscia.ca\/fr\/wp-json\/wp\/v2\/comments?post=95"}],"version-history":[{"count":30,"href":"https:\/\/www.nbscia.ca\/fr\/wp-json\/wp\/v2\/pages\/95\/revisions"}],"predecessor-version":[{"id":2860,"href":"https:\/\/www.nbscia.ca\/fr\/wp-json\/wp\/v2\/pages\/95\/revisions\/2860"}],"wp:attachment":[{"href":"https:\/\/www.nbscia.ca\/fr\/wp-json\/wp\/v2\/media?parent=95"}],"curies":[{"name":"wp","href":"https:\/\/api.w.org\/{rel}","templated":true}]}}