{"id":532,"date":"2020-07-29T16:07:42","date_gmt":"2020-07-29T16:07:42","guid":{"rendered":"http:\/\/nbscia.mightymiramichi.ca\/?page_id=532"},"modified":"2025-08-29T11:34:53","modified_gmt":"2025-08-29T11:34:53","slug":"fiches-dinformation-et-rapports","status":"publish","type":"page","link":"https:\/\/www.nbscia.ca\/fr\/fiches-dinformation-et-rapports\/","title":{"rendered":"Ressources"},"content":{"rendered":"\n<h1>\n\t\t\t AASCNB\t<\/h1>\n<h2>\n\t\t\tAm\u00e9lioration de la durabilit\u00e9<br \/>des sols et des cultures au<br \/>Nouveau-Brunswick\t<\/h2>\n\n<p>L&rsquo;AASCNB participe \u00e0 des recherches avec des parties int\u00e9ress\u00e9es \u00e0 acc\u00e9der \u00e0 des sources de financement o\u00f9 les demandes doivent provenir d&rsquo;une association de producteurs agricoles.<\/p>\n<p>Les activit\u00e9s de recherche impliquent soit des sols ou des cultures comme principale composante du projet. Certaines des activit\u00e9s de recherche en cours sont:<\/p>\n<ul>\n<li>\u00c9tablissement de luzerne avec une culture compagne de ma\u00efs<\/li>\n<li>D\u00e9veloppent des cultivars d&rsquo;avoine et de bl\u00e9 d&rsquo;hiver<\/li>\n<li>Surveillance et cartographie m\u00e9t\u00e9orologiques de Nouveau Brunswick<\/li>\n<li>Outil de base pour l&rsquo;\u00e9valuation syst\u00e9matique sur le terrain de la sant\u00e9 des sols<\/li>\n<li>Contr\u00f4le de ruissellement pour la ville d&rsquo;Edmundston<\/li>\n<\/ul>\nPlusieurs activit\u00e9s identifient de nouvelles vari\u00e9t\u00e9s et hybrides qui am\u00e9lioreront les rendements des syst\u00e8mes de production c\u00e9r\u00e9ali\u00e8re pratiqu\u00e9s par les producteurs du Nouveau-Brunswick.\n<p>Les essais sur les cultures fourrag\u00e8res et autres plantes vivaces permettront d&rsquo;identifier les vari\u00e9t\u00e9s ayant une meilleure survie hivernale et d&rsquo;identifier d&rsquo;autres cultures susceptibles d&rsquo;ouvrir de nouveaux march\u00e9s.<\/p>\n<p><strong>Qu&rsquo;est-ce que l&rsquo;AASCNB peut faire pour votre Association?<\/strong><\/p>\n<p>Nous sommes toujours \u00e0 la recherche de partenaires de recherche et nous sommes \u00e9galement en mesure d&rsquo;administrer des projets de recherche pour d&rsquo;autres associations. Nous cherchons \u00e0 \u00e9largir nos projets de recherche pour inclure d&rsquo;autres secteurs.<\/p>\n\tFiches d&rsquo;information :\n<ul id=\"u6713-49\">\n<li><a href=\"https:\/\/www.nbscia.ca\/wp-content\/uploads\/2025\/08\/AASCNB-Des-decisions-concernant-la-recolte-des-cultures-souffrant-de-la-secheresse-.pdf\">AASCNB Des d\u00e9cisions concernant la r\u00e9colte des cultures souffrant de la s\u00e9cheresse<\/a><\/li>\n<li><a href=\"https:\/\/www.nbscia.ca\/wp-content\/uploads\/2025\/08\/NBSCIA-Aug-2025-cover-crops-newsletter-FRENCH-rev-2-1.pdf\">Am\u00e9lioration des sols- Cultures de couverture dans les<\/a><br \/>\n<a href=\"https:\/\/www.nbscia.ca\/wp-content\/uploads\/2025\/08\/NBSCIA-Aug-2025-cover-crops-newsletter-FRENCH-rev-2-1.pdf\">syst\u00e8me de production maraich\u00e8re<\/a><\/li>\n<li><a href=\"https:\/\/www.nbscia.ca\/wp-content\/uploads\/2025\/06\/NBSCIAs-Guide-to-the-Davis-WeatherLink-App-FR.pdf\">Guide de l&rsquo;AASCNB \u00e0 Davis WeatherLink<\/a><\/li>\n<li><a href=\"https:\/\/www.nbscia.ca\/wp-content\/uploads\/2023\/11\/European-Corn-Borer-Factsheet-FR.pdf\">G\u00e9rer la resistance a la pyrale de mais<\/a><\/li>\n<li id=\"u6713-20\"><a href=\"https:\/\/www.nbscia.ca\/wp-content\/uploads\/2020\/07\/cereal-nitrogen-worksheet.pdf\" target=\"_blank\" rel=\"noopener\" data-href=\"upload:U6719\">Cereal General Nitrogen Recommendation Worksheet<\/a><\/li>\n<li id=\"u6713-23\"><a href=\"https:\/\/www.nbscia.ca\/wp-content\/uploads\/2020\/07\/evaluating-tillage-options-for-your-farm.pdf\" target=\"_blank\" rel=\"noopener\" data-href=\"upload:U6721\">Evaluating Tillage Options for your Farm<\/a><\/li>\n<li id=\"u6713-26\"><a href=\"https:\/\/www.nbscia.ca\/wp-content\/uploads\/2020\/07\/improving-n-mgmt-in-barley-to-reduce-ghg-emissions.pdf\" target=\"_blank\" rel=\"noopener\" data-href=\"upload:U6723\">Improving Nitrogen Management In Barley To Reduce Ghg Emissions<\/a><\/li>\n<li id=\"u6713-29\"><a href=\"https:\/\/www.nbscia.ca\/wp-content\/uploads\/2020\/07\/improving-n-mgnt-in-corn-to-reduce-ghg-emissions.pdf\" target=\"_blank\" rel=\"noopener\" data-href=\"upload:U6725\">Improving Nitrogen Management In Corn To Reduce Ghg Emissions<\/a><\/li>\n<li id=\"u6713-32\"><a href=\"https:\/\/www.nbscia.ca\/wp-content\/uploads\/2020\/07\/nitrogen-management-for-cereal-crops.pdf\" target=\"_blank\" rel=\"noopener\" data-href=\"upload:U6727\">Nitrogen Management for Cereal Crops: General Fertilizer Recommendations<\/a><\/li>\n<li id=\"u6713-36\"><a href=\"https:\/\/www.nbscia.ca\/wp-content\/uploads\/2020\/07\/gestion-de-l-azote-sur-ma\u00efs-test-de-nitrates-dans-le-sol-en-post-lev\u00e9e-tnsp.pdf\" target=\"_blank\" rel=\"noopener\" data-href=\"upload:U8670\">Gestion de l&rsquo;azote sur ma\u00efs : Test de nitrates dans le sol en post-lev\u00e9e (TNSP)<\/a><\/li>\n<li id=\"u6713-39\"><a href=\"https:\/\/www.nbscia.ca\/wp-content\/uploads\/2020\/07\/gestion-de-l-azote-pour-le-ma\u00efs.pdf\" target=\"_blank\" rel=\"noopener\" data-href=\"upload:U8668\">Gestion de l&rsquo;Azote pour le Ma\u00efs : Recommandations Generales<\/a><\/li>\n<li id=\"u6713-42\"><a href=\"https:\/\/www.nbscia.ca\/wp-content\/uploads\/2020\/07\/nitrogen-management-for-potato-petiole-nitrate-testing.pdf\" target=\"_blank\" rel=\"noopener\" data-href=\"upload:U6733\">Nitrogen Management for Potatoes: Petiole Nitrate Testing<\/a><\/li>\n<li id=\"u6713-45\"><a href=\"https:\/\/www.nbscia.ca\/wp-content\/uploads\/2020\/07\/nitrogen-management-for-potato.pdf\" target=\"_blank\" rel=\"noopener\" data-href=\"upload:U6735\">Nitrogen Management for Potato: General Fertilizer Recommendations<\/a><\/li>\n<li id=\"u6713-48\"><a href=\"https:\/\/www.nbscia.ca\/wp-content\/uploads\/2020\/07\/potato-nitrogen-worksheet.pdf\" target=\"_blank\" rel=\"noopener\" data-href=\"upload:U6737\">Potato General Nitrogen Recommendation Worksheet<\/a><\/li>\n<li id=\"u6713-9\"><a href=\"https:\/\/www.nbscia.ca\/wp-content\/uploads\/2020\/07\/nb-ag-bioenergy-report.pdf\" target=\"_blank\" rel=\"noopener\" data-href=\"upload:U6717\">New Brunswick Bio-energy Industry SWOT Analysis<\/a><\/li>\n<\/ul>\n<p>2023 Rapports de recherche:<\/p>\n<ul>\n<li><a href=\"https:\/\/www.nbscia.ca\/wp-content\/uploads\/2023\/07\/C1920_0201_Y4_Demonstrate-Bio-fumigants-as-a-Control-of-Nematode-and-Verticillium-in-Potatoes-and-Strawberries.pdf\">C1920-0201-Y4 Pr\u00e9sentation de biofumigants pour le contr\u00f4le des N\u00e9matodes et du Verticillium dans les pommes de terre et les fraises<\/a><\/li>\n<li><a href=\"https:\/\/www.nbscia.ca\/wp-content\/uploads\/2023\/07\/C2021_0283_Y3_Apple-Growth-IPM.pdf\">C2021-0283-Y3 Croissance des pommes et lutte int\u00e9gr\u00e9e contre les parasites<\/a><\/li>\n<li><a href=\"https:\/\/www.nbscia.ca\/wp-content\/uploads\/2023\/07\/C1819_0977_Y5_NB-Weather-Mapping-for-Intensive-Crop-Management.pdf\">C1819-0977-Y5 Cartographie m\u00e9t\u00e9orologique du NB pour la gestion intensive des cultures<\/a><\/li>\n<li><a href=\"https:\/\/www.nbscia.ca\/wp-content\/uploads\/2023\/07\/C2021_0033_Y4_New-Brunswick-Forage-4R-Nutrient-Stewardship.pdf\">C2021-0033-Y4 Programme de gestion des \u00e9l\u00e9ments nutritifs pour le fourrage 4R du Nouveau-Brunswick<\/a><\/li>\n<li><a href=\"https:\/\/www.nbscia.ca\/wp-content\/uploads\/2023\/07\/C1920_0035_Y4_NB-Crop-Production-Optimization.pdf\">C1920-0035-Y4 Optimisation de la production des cultures au Nouveau-Brunswick<\/a><\/li>\n<li><a href=\"https:\/\/www.nbscia.ca\/wp-content\/uploads\/2023\/07\/C2021_0034_Y3_Tantramar-Community-Pasture-to-Demonstrate-the-Benefits-of-Improved-Pasture-Management.pdf\">C2021-0034-Y3 P\u00e2turage communautaire de Tantramar pour d\u00e9montrer les avantages d&rsquo;une meilleure gestion des p\u00e2turages<\/a><\/li>\n<li><a href=\"https:\/\/www.nbscia.ca\/wp-content\/uploads\/2023\/07\/C1920_0036_Y4_Soil-Health-Bench-Marking.pdf\">C1920-0036-Y4 \u00c9valuation de la sant\u00e9 des sols &#8211; Projet de r\u00e9f\u00e9rence<\/a><\/li>\n<li><a href=\"https:\/\/www.nbscia.ca\/wp-content\/uploads\/2023\/07\/C1819_0246_Y6_NB-Forage-Variety-Evaluation-and-Management-Trials.pdf\">C1819-0246-Y6 Am\u00e9lioration de la durabilit\u00e9 des sols et des cultures au Nouveau-Brunswick<\/a><\/li>\n<\/ul>\nRapports annuels:\n<ul id=\"u6713-13\">\n<li id=\"u6713-6\"><a href=\"https:\/\/www.nbscia.ca\/wp-content\/uploads\/2020\/07\/c1920-0014-nbscia-annual-report-2019_apr3.pdf\" target=\"_blank\" rel=\"noopener\" data-href=\"upload:U11739\">AASCNB Rapport Annuel 2019<\/a><\/li>\n<li id=\"u6713-12\"><a href=\"https:\/\/www.nbscia.ca\/wp-content\/uploads\/2020\/07\/nbscia-annual-report-2017.pdf\" target=\"_blank\" rel=\"noopener\" data-href=\"upload:U8750\">AASCNB Rapport Annuel 2017<\/a><\/li>\n<\/ul>\n<p>2021 Rapports de recherche:<\/p>\n<ul>\n<li><a href=\"https:\/\/www.nbscia.ca\/wp-content\/uploads\/2023\/01\/C1920_0201_Demonstrate-Biofumigant-2021Report_jan27-22.pdf\">D\u00e9monstration des biofumigants dans le contr\u00f4le des n\u00e9matodes et du verticillium dans les pommes de terre et les fraises<\/a><\/li>\n<li><a href=\"https:\/\/www.nbscia.ca\/wp-content\/uploads\/2023\/01\/Apple-Growth-IPM-C2021-0283-Year-2-Interim-Report-2021.pdf\">Croissance des pommes et gestion parasitaire int\u00e9gr\u00e9e<\/a><\/li>\n<li><a href=\"https:\/\/www.nbscia.ca\/wp-content\/uploads\/2023\/01\/C1819-0977-Y4_NB-Weather-Mapping-for-ICM-Interim-Report_2021.pdf\">Cartographie m\u00e9t\u00e9orologique du N.B. pour la gestion des cultures intensives<\/a><\/li>\n<li><a href=\"https:\/\/www.nbscia.ca\/wp-content\/uploads\/2023\/01\/Interim-Report-C2021-0033-Y2-New-Brunswick-Forage-4R-Nutrient-Stewardship.pdf\">Gestion des \u00e9l\u00e9ments nutritifs 4R du Nouveau-Brunswick<\/a><\/li>\n<li><a href=\"https:\/\/www.nbscia.ca\/wp-content\/uploads\/2023\/01\/2021-Hemp-Variety-Trial.pdf\">Essai sur les vari\u00e9t\u00e9s du chanvre industriel<\/a><\/li>\n<li><a href=\"https:\/\/www.nbscia.ca\/wp-content\/uploads\/2023\/01\/C1920-0035-Y3_Interim_-Report_Feb_2022_N.B.-Crop-Production-Optimization.pdf\">Optimisation de la production des cultures au N.B.<\/a><\/li>\n<li><a href=\"https:\/\/www.nbscia.ca\/wp-content\/uploads\/2023\/01\/C2021-0034_Interm_report_2022Tantramar-Community-pasture.pdf\">P\u00e2turage communautaire de Tantramar visant \u00e0 d\u00e9montrer les avantages d&rsquo;une meilleure gestion des p\u00e2turages<\/a>s<\/li>\n<li><a href=\"https:\/\/www.nbscia.ca\/wp-content\/uploads\/2023\/01\/C1920-0036_Interim_Report_Feb6_2022_Soil-Health-Bench-Marking-Reference-Project.pdf\">R\u00e9f\u00e9rence\/analyse comparative sur la sant\u00e9 des sols<\/a><\/li>\n<li><a href=\"https:\/\/www.nbscia.ca\/wp-content\/uploads\/2023\/01\/C1819-0246Y4_Interim_Report_Feb-2022-N.B.-Forage-Variety-Evaluation-and-Management-Trials.pdf\">Essais sur l&rsquo;\u00e9valuation et la gestion de vari\u00e9t\u00e9s fourrag\u00e8res au N.B.<\/a><\/li>\n<li><a href=\"https:\/\/www.nbscia.ca\/wp-content\/uploads\/2021\/12\/2021-MARITIME-SOYBEAN-CULTIVARS-PERFORMANCE-TRIALS-2021-12-15-Bilingual-P.Scott_.pdf\">2021 PERFORMANCES DU SOYA AUX MARITIMES<\/a><\/li>\n<li><a href=\"https:\/\/www.nbscia.ca\/wp-content\/uploads\/2021\/12\/2022-CORN-GUIDE-du-MAIS-2021-12-15.pdf\">GUIDE du MA\u00cfS 2021<\/a><\/li>\n<li><a href=\"https:\/\/www.nbscia.ca\/wp-content\/uploads\/2021\/12\/2022-MARITIME-CEREAL-CULTIVARS-PERFORMANCE-TRIALS-2021-12-16.pdf\">2022 PERFORMANCES DES CULTIVARS DE C\u00c9R\u00c9ALES AUX MARITIMES <\/a><\/li>\n<\/ul>\n<p>2020 Rapports de recherche:<\/p>\n<ul>\n<li><a href=\"https:\/\/www.nbscia.ca\/wp-content\/uploads\/2021\/08\/C1920_0201_Demonstrate-Biofumigant-2020-Report-AGedits.pdf\">D\u00e9monstration des biofumigants dans le contr\u00f4le des n\u00e9matodes et du verticillium dans les pommes de terre et les fraises<\/a><\/li>\n<li><a href=\"https:\/\/www.nbscia.ca\/wp-content\/uploads\/2021\/08\/Apple-Growth-IPM-C2021-0283-Final-Report-AGedits.pdf\">Croissance des pommes et gestion parasitaire int\u00e9gr\u00e9e<\/a><\/li>\n<li><a href=\"https:\/\/www.nbscia.ca\/wp-content\/uploads\/2021\/08\/C1819-0977-Y3_NB-Weather-Mapping-for-ICM-Final-Report-AGedits.pdf\">Cartographie m\u00e9t\u00e9orologique du N.-B. pour la gestion des cultures intensives<\/a><\/li>\n<li><a href=\"https:\/\/www.nbscia.ca\/wp-content\/uploads\/2021\/08\/4R_C2021-0033-Interim_Report_-February-12-2020-AGedit.pdf\">Gestion des \u00e9l\u00e9ments nutritifs 4R du Nouveau-Brunswick &#8211; Rapport provisoire 2020-2021<\/a><\/li>\n<li><a href=\"https:\/\/www.nbscia.ca\/wp-content\/uploads\/2021\/08\/2020-Hemp-Variety-Trial_report-AGedits.pdf\">Essai 2020 sur les vari\u00e9t\u00e9s du chanvre industriel &#8211; projet de la FRIA <\/a><\/li>\n<li><a href=\"https:\/\/www.nbscia.ca\/wp-content\/uploads\/2021\/08\/C1920-0035-Y2_Interim_-Report_Feb12_2021-AGedits.pdf\">Optimisation de la production des cultures au N.-B.<\/a><\/li>\n<li><a href=\"https:\/\/www.nbscia.ca\/wp-content\/uploads\/2021\/08\/C2021-0034_Interm_report_2021_zf-AGedits.pdf\">P\u00e2turage communautaire de Tantramar visant \u00e0 d\u00e9montrer les avantages d&rsquo;une meilleure gestion des p\u00e2turages<\/a><\/li>\n<li><a href=\"https:\/\/www.nbscia.ca\/wp-content\/uploads\/2021\/08\/Cereal_C1819-0242-Y3-Interim-Report_2020-AGedits.pdf\">\u00c9valuation du germoplasme des grandes cultures du Nouveau-Brunswick &#8211; rapport provisoire 2019-2020<\/a><\/li>\n<li><a href=\"https:\/\/www.nbscia.ca\/wp-content\/uploads\/2021\/08\/Rapport_final_-Sequestration_Carbone_NB-AGedits.pdf\">Rapport d\u00e9finitif : propositions de mise en valeur d&rsquo;exploitations ac\u00e9ricoles au Nouveau-Brunswick \u00e0 des fins de s\u00e9questration du carbone<\/a><\/li>\n<li><a href=\"https:\/\/www.nbscia.ca\/wp-content\/uploads\/2021\/08\/C1920-0036_Interim_Report_Mar12_2020-AGedits.pdf\">R\u00e9f\u00e9rence\/analyse comparative sur la sant\u00e9 des sols<\/a><\/li>\n<li><a href=\"https:\/\/www.nbscia.ca\/wp-content\/uploads\/2021\/08\/C1920-0036-Y2_Interim_Report_Feb5_2021-AGedits.pdf\">R\u00e9f\u00e9rence\/analyse comparative sur la sant\u00e9 des sols (Ann\u00e9e 2)<\/a><\/li>\n<li><a href=\"https:\/\/www.nbscia.ca\/wp-content\/uploads\/2021\/08\/Forage-Management_C1819-0246Y3_Interim_Report_Feb-2021-AGedits.pdf\">Essais sur l&rsquo;\u00e9valuation et la gestion de vari\u00e9t\u00e9s fourrag\u00e8res au N.-B.<\/a><\/li>\n<\/ul>\n<ul id=\"u6713-49\"><\/ul>\n<ul id=\"u6713-65\"><\/ul>\n\n","protected":false},"excerpt":{"rendered":"<p>AASCNB Am\u00e9lioration de la durabilit\u00e9des sols et des cultures auNouveau-Brunswick L&rsquo;AASCNB participe \u00e0 des recherches avec des parties int\u00e9ress\u00e9es \u00e0 acc\u00e9der \u00e0 des sources de financement o\u00f9 les demandes doivent&hellip;<\/p>\n","protected":false},"author":2,"featured_media":0,"parent":0,"menu_order":0,"comment_status":"closed","ping_status":"closed","template":"","meta":{"footnotes":""},"class_list":["post-532","page","type-page","status-publish","hentry"],"_links":{"self":[{"href":"https:\/\/www.nbscia.ca\/fr\/wp-json\/wp\/v2\/pages\/532","targetHints":{"allow":["GET"]}}],"collection":[{"href":"https:\/\/www.nbscia.ca\/fr\/wp-json\/wp\/v2\/pages"}],"about":[{"href":"https:\/\/www.nbscia.ca\/fr\/wp-json\/wp\/v2\/types\/page"}],"author":[{"embeddable":true,"href":"https:\/\/www.nbscia.ca\/fr\/wp-json\/wp\/v2\/users\/2"}],"replies":[{"embeddable":true,"href":"https:\/\/www.nbscia.ca\/fr\/wp-json\/wp\/v2\/comments?post=532"}],"version-history":[{"count":35,"href":"https:\/\/www.nbscia.ca\/fr\/wp-json\/wp\/v2\/pages\/532\/revisions"}],"predecessor-version":[{"id":2683,"href":"https:\/\/www.nbscia.ca\/fr\/wp-json\/wp\/v2\/pages\/532\/revisions\/2683"}],"wp:attachment":[{"href":"https:\/\/www.nbscia.ca\/fr\/wp-json\/wp\/v2\/media?parent=532"}],"curies":[{"name":"wp","href":"https:\/\/api.w.org\/{rel}","templated":true}]}}