{"id":1989,"date":"2024-07-22T18:39:43","date_gmt":"2024-07-22T18:39:43","guid":{"rendered":"https:\/\/www.nbscia.ca\/?page_id=1989"},"modified":"2024-07-30T15:17:57","modified_gmt":"2024-07-30T15:17:57","slug":"evenements","status":"publish","type":"page","link":"https:\/\/www.nbscia.ca\/fr\/evenements\/","title":{"rendered":"\u00c9v\u00e9nements"},"content":{"rendered":"\n\n\t<h1><strong>AASCNB<\/strong><\/h1>\n\t<h1>Am\u00e9lioration de la durabilit\u00e9 des sols et des cultures au Nouveau-Brunswick<\/h1>\n\t<h2><strong>\u00c9v\u00e9nements<\/strong><\/h2>\n<p>Pour voir le calendrier des \u00e9v\u00e9nements \u00e0 venir, suivez le lien ci-dessous.<\/p>\n<p><a href=\"https:\/\/www.nbscia.ca\/fr\/events\/\">https:\/\/www.nbscia.ca\/fr\/events\/<\/a><\/p>\n\t\t\t\t<img loading=\"lazy\" decoding=\"async\" src=\"https:\/\/www.nbscia.ca\/wp-content\/uploads\/2024\/06\/image0000001-300x212.jpg\" alt=\"image0000001\" itemprop=\"image\" height=\"212\" width=\"300\" title=\"image0000001\" onerror=\"this.style.display='none'\"  \/>\n\n","protected":false},"excerpt":{"rendered":"<p>AASCNB Am\u00e9lioration de la durabilit\u00e9 des sols et des cultures au Nouveau-Brunswick \u00c9v\u00e9nements Pour voir le calendrier des \u00e9v\u00e9nements \u00e0 venir, suivez le lien ci-dessous. https:\/\/www.nbscia.ca\/fr\/events\/<\/p>\n","protected":false},"author":2,"featured_media":0,"parent":0,"menu_order":0,"comment_status":"closed","ping_status":"closed","template":"","meta":{"footnotes":""},"class_list":["post-1989","page","type-page","status-publish","hentry"],"_links":{"self":[{"href":"https:\/\/www.nbscia.ca\/fr\/wp-json\/wp\/v2\/pages\/1989","targetHints":{"allow":["GET"]}}],"collection":[{"href":"https:\/\/www.nbscia.ca\/fr\/wp-json\/wp\/v2\/pages"}],"about":[{"href":"https:\/\/www.nbscia.ca\/fr\/wp-json\/wp\/v2\/types\/page"}],"author":[{"embeddable":true,"href":"https:\/\/www.nbscia.ca\/fr\/wp-json\/wp\/v2\/users\/2"}],"replies":[{"embeddable":true,"href":"https:\/\/www.nbscia.ca\/fr\/wp-json\/wp\/v2\/comments?post=1989"}],"version-history":[{"count":5,"href":"https:\/\/www.nbscia.ca\/fr\/wp-json\/wp\/v2\/pages\/1989\/revisions"}],"predecessor-version":[{"id":2007,"href":"https:\/\/www.nbscia.ca\/fr\/wp-json\/wp\/v2\/pages\/1989\/revisions\/2007"}],"wp:attachment":[{"href":"https:\/\/www.nbscia.ca\/fr\/wp-json\/wp\/v2\/media?parent=1989"}],"curies":[{"name":"wp","href":"https:\/\/api.w.org\/{rel}","templated":true}]}}