{"id":169,"date":"2020-07-24T01:43:14","date_gmt":"2020-07-24T01:43:14","guid":{"rendered":"http:\/\/nbscia.mightymiramichi.ca\/?page_id=169"},"modified":"2020-08-06T15:14:34","modified_gmt":"2020-08-06T15:14:34","slug":"cartes-meteorologiques-du-nb-2020","status":"publish","type":"page","link":"https:\/\/www.nbscia.ca\/fr\/cartes-meteorologiques\/cartes-meteorologiques-du-nb-2020\/","title":{"rendered":"Cartes m\u00e9t\u00e9orologiques du NB 2020"},"content":{"rendered":"<h1>\n\t\t AASCNB\n\t<\/h1>\n<h2>\n\t\tAm\u00e9lioration de la durabilit\u00e9<br\/>des sols et des cultures au<br\/>Nouveau-Brunswick\n\t<\/h2>\n<h1>\n\t<\/h1>\n<h2>\n\t\tPr\u00e9cipitations\n\t<\/h2>\n\t<p><a href=\"https:\/\/www.nbscia.ca\/wp-content\/uploads\/2020\/07\/NBSCIA_weather_stations_for_May_2020_Precip_1.pdf\" target=\"_blank\" rel=\"noopener noreferrer\">mai 31<\/a><\/p>\n<p><a href=\"https:\/\/www.nbscia.ca\/wp-content\/uploads\/2020\/07\/NBSCIA_weather_stations_for_June_2020_precip.pdf\" target=\"_blank\" rel=\"noopener noreferrer\">juin 30<\/a><\/p>\n<h2>\n\t\tUTM\n\t<\/h2>\n\t<p><a href=\"https:\/\/www.nbscia.ca\/wp-content\/uploads\/2020\/07\/NBSCIA_weather_stations_for_May_2020_CHU_2.pdf\" target=\"_blank\" rel=\"noopener noreferrer\">mai 31<\/a><\/p>\n<p><a href=\"https:\/\/www.nbscia.ca\/wp-content\/uploads\/2020\/07\/NBSCIA_weather_stations_for_June_2020_CHU_1.pdf\" target=\"_blank\" rel=\"noopener noreferrer\">juin 30<\/a><\/p>\n<h2>\n\t\tDJC\n\t<\/h2>\n\t<p><a href=\"https:\/\/www.nbscia.ca\/wp-content\/uploads\/2020\/07\/NBSCIA_weather_stations_for_May_2020_GDD_2.pdf\" target=\"_blank\" rel=\"noopener noreferrer\">mai 31<\/a><\/p>\n<p><a href=\"https:\/\/www.nbscia.ca\/wp-content\/uploads\/2020\/07\/NBSCIA_weather_stations_for_June_2020_GDD.pdf\" target=\"_blank\" rel=\"noopener noreferrer\">juin 30<\/a><\/p>\n","protected":false},"excerpt":{"rendered":"<p>AASCNB Am\u00e9lioration de la durabilit\u00e9des sols et des cultures auNouveau-Brunswick Pr\u00e9cipitations mai 31 juin 30 UTM mai 31 juin 30 DJC mai 31 juin 30<\/p>\n","protected":false},"author":2,"featured_media":0,"parent":130,"menu_order":0,"comment_status":"closed","ping_status":"closed","template":"","meta":{"footnotes":""},"class_list":["post-169","page","type-page","status-publish","hentry"],"_links":{"self":[{"href":"https:\/\/www.nbscia.ca\/fr\/wp-json\/wp\/v2\/pages\/169","targetHints":{"allow":["GET"]}}],"collection":[{"href":"https:\/\/www.nbscia.ca\/fr\/wp-json\/wp\/v2\/pages"}],"about":[{"href":"https:\/\/www.nbscia.ca\/fr\/wp-json\/wp\/v2\/types\/page"}],"author":[{"embeddable":true,"href":"https:\/\/www.nbscia.ca\/fr\/wp-json\/wp\/v2\/users\/2"}],"replies":[{"embeddable":true,"href":"https:\/\/www.nbscia.ca\/fr\/wp-json\/wp\/v2\/comments?post=169"}],"version-history":[{"count":4,"href":"https:\/\/www.nbscia.ca\/fr\/wp-json\/wp\/v2\/pages\/169\/revisions"}],"predecessor-version":[{"id":493,"href":"https:\/\/www.nbscia.ca\/fr\/wp-json\/wp\/v2\/pages\/169\/revisions\/493"}],"up":[{"embeddable":true,"href":"https:\/\/www.nbscia.ca\/fr\/wp-json\/wp\/v2\/pages\/130"}],"wp:attachment":[{"href":"https:\/\/www.nbscia.ca\/fr\/wp-json\/wp\/v2\/media?parent=169"}],"curies":[{"name":"wp","href":"https:\/\/api.w.org\/{rel}","templated":true}]}}