{"id":165,"date":"2020-07-24T01:32:50","date_gmt":"2020-07-24T01:32:50","guid":{"rendered":"http:\/\/nbscia.mightymiramichi.ca\/?page_id=165"},"modified":"2020-08-06T15:15:26","modified_gmt":"2020-08-06T15:15:26","slug":"cartes-meteorologiques-du-nb-2019","status":"publish","type":"page","link":"https:\/\/www.nbscia.ca\/fr\/cartes-meteorologiques\/cartes-meteorologiques-du-nb-2019\/","title":{"rendered":"Cartes m\u00e9t\u00e9orologiques du NB 2019"},"content":{"rendered":"<h1>\n\t\t AASCNB\n\t<\/h1>\n<h2>\n\t\tAm\u00e9lioration de la durabilit\u00e9<br\/>des sols et des cultures au<br\/>Nouveau-Brunswick\n\t<\/h2>\n<h1>\n\t<\/h1>\n<h2>\n\t\tPr\u00e9cipitations\n\t<\/h2>\n\t<p><a href=\"https:\/\/www.nbscia.ca\/wp-content\/uploads\/2020\/07\/nbscia_weather_stations_precip_may_31_2019.pdf\" target=\"_blank\" rel=\"noopener noreferrer\">mai 31<\/a><\/p>\n<p><a href=\"https:\/\/www.nbscia.ca\/wp-content\/uploads\/2020\/07\/nbscia_weather_stations_precip_june_30_2019.pdf\" target=\"_blank\" rel=\"noopener noreferrer\">juin 30<\/a><\/p>\n<p><a href=\"https:\/\/www.nbscia.ca\/wp-content\/uploads\/2020\/07\/nbscia_weather_stations_precip_july_31_2019.pdf\" target=\"_blank\" rel=\"noopener noreferrer\">juillet 31<\/a><\/p>\n<p><a href=\"https:\/\/www.nbscia.ca\/wp-content\/uploads\/2020\/07\/nbscia_weather_stations_precip_aug_31_2019.pdf\" target=\"_blank\" rel=\"noopener noreferrer\">ao\u00fbt 31<\/a><\/p>\n<p><a href=\"https:\/\/www.nbscia.ca\/wp-content\/uploads\/2020\/07\/nbscia_weather_stations_precip_sept_30_2019.pdf\" target=\"_blank\" rel=\"noopener noreferrer\">septembre 30<\/a><\/p>\n<p><a href=\"https:\/\/www.nbscia.ca\/wp-content\/uploads\/2020\/07\/nbscia_weather_stations_precip_oct_31_2019.pdf\" target=\"_blank\" rel=\"noopener noreferrer\">octobre 31<\/a><\/p>\n<h2>\n\t\tUTM\n\t<\/h2>\n\t<p>&nbsp;<\/p>\n<p><a href=\"https:\/\/www.nbscia.ca\/wp-content\/uploads\/2020\/07\/nbscia_weather_stations_chu_june_30_2019.pdf\" target=\"_blank\" rel=\"noopener noreferrer\">juin 30<\/a><\/p>\n<p><a href=\"https:\/\/www.nbscia.ca\/wp-content\/uploads\/2020\/07\/nbscia_weather_stations_chu_july_31_2019.pdf\" target=\"_blank\" rel=\"noopener noreferrer\">juillet 31<\/a><\/p>\n<p><a href=\"https:\/\/www.nbscia.ca\/wp-content\/uploads\/2020\/07\/nbscia_weather_stations_chu_aug_31_2019.pdf\" target=\"_blank\" rel=\"noopener noreferrer\">ao\u00fbt 31<\/a><\/p>\n<p><a href=\"https:\/\/www.nbscia.ca\/fr\/assets\/nbscia_weather_stations_working_chu_sept_30_2019_cont50.pdf\" target=\"_blank\" rel=\"noopener noreferrer\">septembre 30<\/a><\/p>\n<p><a href=\"https:\/\/www.nbscia.ca\/fr\/assets\/nbscia_weather_stations_chu_oct_31_2019.pdf\" target=\"_blank\" rel=\"noopener noreferrer\">octobre 31<\/a><\/p>\n<h2>\n\t\tDJC\n\t<\/h2>\n\t<p><a href=\"https:\/\/www.nbscia.ca\/wp-content\/uploads\/2020\/07\/nbscia_weather_stations_gdd_may_31_2019.pdf\" target=\"_blank\" rel=\"noopener noreferrer\">mai 31<\/a><\/p>\n<p><a href=\"https:\/\/www.nbscia.ca\/wp-content\/uploads\/2020\/07\/nbscia_weather_stations_gdd_june_30_2019.pdf\" target=\"_blank\" rel=\"noopener noreferrer\">juin 30<\/a><\/p>\n<p><a href=\"https:\/\/www.nbscia.ca\/wp-content\/uploads\/2020\/07\/nbscia_weather_stations_gdd_july_31_2019.pdf\" target=\"_blank\" rel=\"noopener noreferrer\">juillet 31<\/a><\/p>\n<p><a href=\"https:\/\/www.nbscia.ca\/wp-content\/uploads\/2020\/07\/nbscia_weather_stations_gdd_aug_31_2019.pdf\" target=\"_blank\" rel=\"noopener noreferrer\">ao\u00fbt 31<\/a><\/p>\n<p><a href=\"https:\/\/www.nbscia.ca\/wp-content\/uploads\/2020\/07\/nbscia_weather_stations_gdd_sept_30_2019.pdf\" target=\"_blank\" rel=\"noopener noreferrer\">septembre 30<\/a><\/p>\n<p><a href=\"https:\/\/www.nbscia.ca\/wp-content\/uploads\/2020\/07\/nbscia_weather_stations_gdd_oct_31_2019.pdf\" target=\"_blank\" rel=\"noopener noreferrer\">octobre 31<\/a><\/p>\n","protected":false},"excerpt":{"rendered":"<p>AASCNB Am\u00e9lioration de la durabilit\u00e9des sols et des cultures auNouveau-Brunswick Pr\u00e9cipitations mai 31 juin 30 juillet 31 ao\u00fbt 31 septembre 30 octobre 31 UTM &nbsp; juin 30 juillet 31 ao\u00fbt&hellip;<\/p>\n","protected":false},"author":2,"featured_media":0,"parent":130,"menu_order":0,"comment_status":"closed","ping_status":"closed","template":"","meta":{"footnotes":""},"class_list":["post-165","page","type-page","status-publish","hentry"],"_links":{"self":[{"href":"https:\/\/www.nbscia.ca\/fr\/wp-json\/wp\/v2\/pages\/165","targetHints":{"allow":["GET"]}}],"collection":[{"href":"https:\/\/www.nbscia.ca\/fr\/wp-json\/wp\/v2\/pages"}],"about":[{"href":"https:\/\/www.nbscia.ca\/fr\/wp-json\/wp\/v2\/types\/page"}],"author":[{"embeddable":true,"href":"https:\/\/www.nbscia.ca\/fr\/wp-json\/wp\/v2\/users\/2"}],"replies":[{"embeddable":true,"href":"https:\/\/www.nbscia.ca\/fr\/wp-json\/wp\/v2\/comments?post=165"}],"version-history":[{"count":4,"href":"https:\/\/www.nbscia.ca\/fr\/wp-json\/wp\/v2\/pages\/165\/revisions"}],"predecessor-version":[{"id":492,"href":"https:\/\/www.nbscia.ca\/fr\/wp-json\/wp\/v2\/pages\/165\/revisions\/492"}],"up":[{"embeddable":true,"href":"https:\/\/www.nbscia.ca\/fr\/wp-json\/wp\/v2\/pages\/130"}],"wp:attachment":[{"href":"https:\/\/www.nbscia.ca\/fr\/wp-json\/wp\/v2\/media?parent=165"}],"curies":[{"name":"wp","href":"https:\/\/api.w.org\/{rel}","templated":true}]}}