{"id":161,"date":"2020-07-24T01:30:36","date_gmt":"2020-07-24T01:30:36","guid":{"rendered":"http:\/\/nbscia.mightymiramichi.ca\/?page_id=161"},"modified":"2020-08-06T15:16:11","modified_gmt":"2020-08-06T15:16:11","slug":"central-2018","status":"publish","type":"page","link":"https:\/\/www.nbscia.ca\/fr\/cartes-meteorologiques\/central-2018\/","title":{"rendered":"Central 2018"},"content":{"rendered":"<h1>\n\t\t AASCNB\n\t<\/h1>\n<h2>\n\t\tAm\u00e9lioration de la durabilit\u00e9<br\/>des sols et des cultures au<br\/>Nouveau-Brunswick\n\t<\/h2>\n<h1>\n\t<\/h1>\n<h2>\n\t\tPr\u00e9cipitations\n\t<\/h2>\n\t<p><a href=\"https:\/\/www.nbscia.ca\/wp-content\/uploads\/2020\/07\/nbscia_climate_rain_031_may_31_2018.pdf\" target=\"_blank\" rel=\"noopener noreferrer\">mai 31<\/a><\/p>\n<p><a href=\"https:\/\/www.nbscia.ca\/wp-content\/uploads\/2020\/07\/nbscia_climate_rain_061_june_30_2018.pdf\" target=\"_blank\" rel=\"noopener noreferrer\">juin 30<\/a><\/p>\n<p><a href=\"https:\/\/www.nbscia.ca\/wp-content\/uploads\/2020\/07\/nbscia_climate_rain_092_july_31_2018.pdf\" target=\"_blank\" rel=\"noopener noreferrer\">juillet 31<\/a><\/p>\n<p><a href=\"https:\/\/www.nbscia.ca\/wp-content\/uploads\/2020\/07\/nbscia_climate_rain_123_aug_31_2018.pdf\" target=\"_blank\" rel=\"noopener noreferrer\">ao\u00fbt 31<\/a><\/p>\n<p><a href=\"https:\/\/www.nbscia.ca\/wp-content\/uploads\/2020\/07\/nbscia_climate_rain_153_sept_30_2018.pdf\" target=\"_blank\" rel=\"noopener noreferrer\">septembre 30<\/a><\/p>\n<h2>\n\t\tUTM\n\t<\/h2>\n\t<p><a href=\"https:\/\/www.nbscia.ca\/wp-content\/uploads\/2020\/07\/nbscia_climate_chu031_may_31_2018.pdf\" target=\"_blank\" rel=\"noopener noreferrer\">mai 31<\/a><\/p>\n<p><a href=\"https:\/\/www.nbscia.ca\/wp-content\/uploads\/2020\/07\/nbscia_climate_chu061_june_30_2018.pdf\" target=\"_blank\" rel=\"noopener noreferrer\">juin 30<\/a><\/p>\n<p><a href=\"https:\/\/www.nbscia.ca\/wp-content\/uploads\/2020\/07\/nbscia_climate_chu092_july_31_2018.pdf\" target=\"_blank\" rel=\"noopener noreferrer\">juillet 31<\/a><\/p>\n<p><a href=\"https:\/\/www.nbscia.ca\/wp-content\/uploads\/2020\/07\/nbscia_climate_chu123_aug_31_2018.pdf\" target=\"_blank\" rel=\"noopener noreferrer\">ao\u00fbt 31<\/a><\/p>\n<p><a href=\"https:\/\/www.nbscia.ca\/wp-content\/uploads\/2020\/07\/nbscia_climate_chu153_sept_30_2018.pdf\" target=\"_blank\" rel=\"noopener noreferrer\">septembre 30<\/a><\/p>\n<h2>\n\t\tDJC\n\t<\/h2>\n\t<p><a href=\"https:\/\/www.nbscia.ca\/wp-content\/uploads\/2020\/07\/nbscia_climate_gdd031_may_31_2018.pdf\" target=\"_blank\" rel=\"noopener noreferrer\">mai 31<\/a><\/p>\n<p><a href=\"https:\/\/www.nbscia.ca\/wp-content\/uploads\/2020\/07\/nbscia_climate_gdd061_june_30_2018.pdf\" target=\"_blank\" rel=\"noopener noreferrer\">juin 30<\/a><\/p>\n<p><a href=\"https:\/\/www.nbscia.ca\/wp-content\/uploads\/2020\/07\/nbscia_climate_gdd092_july_31_2018.pdf\" target=\"_blank\" rel=\"noopener noreferrer\">juillet 31<\/a><\/p>\n<p><a href=\"https:\/\/www.nbscia.ca\/wp-content\/uploads\/2020\/07\/nbscia_climate_gdd123_aug_31_2018.pdf\" target=\"_blank\" rel=\"noopener noreferrer\">ao\u00fbt 31<\/a><\/p>\n<p><a href=\"https:\/\/www.nbscia.ca\/wp-content\/uploads\/2020\/07\/nbscia_climate_gdd153_sept_30_2018.pdf\" target=\"_blank\" rel=\"noopener noreferrer\">septembre 30<\/a><\/p>\n","protected":false},"excerpt":{"rendered":"<p>AASCNB Am\u00e9lioration de la durabilit\u00e9des sols et des cultures auNouveau-Brunswick Pr\u00e9cipitations mai 31 juin 30 juillet 31 ao\u00fbt 31 septembre 30 UTM mai 31 juin 30 juillet 31 ao\u00fbt 31&hellip;<\/p>\n","protected":false},"author":2,"featured_media":0,"parent":130,"menu_order":0,"comment_status":"closed","ping_status":"closed","template":"","meta":{"footnotes":""},"class_list":["post-161","page","type-page","status-publish","hentry"],"_links":{"self":[{"href":"https:\/\/www.nbscia.ca\/fr\/wp-json\/wp\/v2\/pages\/161","targetHints":{"allow":["GET"]}}],"collection":[{"href":"https:\/\/www.nbscia.ca\/fr\/wp-json\/wp\/v2\/pages"}],"about":[{"href":"https:\/\/www.nbscia.ca\/fr\/wp-json\/wp\/v2\/types\/page"}],"author":[{"embeddable":true,"href":"https:\/\/www.nbscia.ca\/fr\/wp-json\/wp\/v2\/users\/2"}],"replies":[{"embeddable":true,"href":"https:\/\/www.nbscia.ca\/fr\/wp-json\/wp\/v2\/comments?post=161"}],"version-history":[{"count":4,"href":"https:\/\/www.nbscia.ca\/fr\/wp-json\/wp\/v2\/pages\/161\/revisions"}],"predecessor-version":[{"id":491,"href":"https:\/\/www.nbscia.ca\/fr\/wp-json\/wp\/v2\/pages\/161\/revisions\/491"}],"up":[{"embeddable":true,"href":"https:\/\/www.nbscia.ca\/fr\/wp-json\/wp\/v2\/pages\/130"}],"wp:attachment":[{"href":"https:\/\/www.nbscia.ca\/fr\/wp-json\/wp\/v2\/media?parent=161"}],"curies":[{"name":"wp","href":"https:\/\/api.w.org\/{rel}","templated":true}]}}