{"id":129,"date":"2020-07-23T20:41:33","date_gmt":"2020-07-23T20:41:33","guid":{"rendered":"http:\/\/nbscia.mightymiramichi.ca\/?page_id=129"},"modified":"2024-06-13T17:03:56","modified_gmt":"2024-06-13T17:03:56","slug":"recherche","status":"publish","type":"page","link":"https:\/\/www.nbscia.ca\/fr\/recherche\/","title":{"rendered":"Ressources"},"content":{"rendered":"\n<h1>\n\t\t AASCNB\n\t<\/h1>\n<h2>\n\t\tAm\u00e9lioration de la durabilit\u00e9<br \/>des sols et des cultures au<br \/>Nouveau-Brunswick\n\t<\/h2>\n\n\t<p><a href=\"https:\/\/www.nbscia.ca\/fr\/fiches-dinformation-et-rapports\/\">Rapports de recherche, fiches d&rsquo;information et bulletins<\/a><\/p>\n\t<p>L&rsquo;AASCNB participe \u00e0 des recherches avec des parties int\u00e9ress\u00e9es \u00e0 acc\u00e9der \u00e0 des sources de financement o\u00f9 les demandes doivent provenir d&rsquo;une association de producteurs agricoles.<\/p>\n<p>Les activit\u00e9s de recherche impliquent soit des sols ou des cultures comme principale composante du projet. Certaines des activit\u00e9s de recherche en cours sont:<\/p>\n<ul>\n<li>\u00c9tablissement de luzerne avec une culture compagne de ma\u00efs<\/li>\n<li>D\u00e9veloppent des cultivars d&rsquo;avoine et de bl\u00e9 d&rsquo;hiver<\/li>\n<li>Surveillance et cartographie m\u00e9t\u00e9orologiques de Nouveau Brunswick<\/li>\n<li>Outil de base pour l&rsquo;\u00e9valuation syst\u00e9matique sur le terrain de la sant\u00e9 des sols<\/li>\n<li>Contr\u00f4le de ruissellement pour la ville d&rsquo;Edmundston<\/li>\n<\/ul>\n\t\t\t\t<img loading=\"lazy\" decoding=\"async\" src=\"https:\/\/www.nbscia.ca\/wp-content\/uploads\/2023\/08\/WW-harvest-2023-2-169x300.jpg\" alt=\"WW harvest 2023 2\" itemprop=\"image\" height=\"300\" width=\"169\" title=\"WW harvest 2023 2\" onerror=\"this.style.display='none'\"  \/>\n\t<p>Plusieurs activit\u00e9s identifient de nouvelles vari\u00e9t\u00e9s et hybrides qui am\u00e9lioreront les rendements des syst\u00e8mes de production c\u00e9r\u00e9ali\u00e8re pratiqu\u00e9s par les producteurs du Nouveau-Brunswick.<\/p>\n<p>Les essais sur les cultures fourrag\u00e8res et autres plantes vivaces permettront d&rsquo;identifier les vari\u00e9t\u00e9s ayant une meilleure survie hivernale et d&rsquo;identifier d&rsquo;autres cultures susceptibles d&rsquo;ouvrir de nouveaux march\u00e9s.<\/p>\n<p><strong>Qu&rsquo;est-ce que l&rsquo;AASCNB peut faire pour votre Association?<\/strong><\/p>\n<p>Nous sommes toujours \u00e0 la recherche de partenaires de recherche et nous sommes \u00e9galement en mesure d&rsquo;administrer des projets de recherche pour d&rsquo;autres associations. Nous cherchons \u00e0 \u00e9largir nos projets de recherche pour inclure d&rsquo;autres secteurs.<\/p>\n<p>&nbsp;<\/p>\n<p>&nbsp;<\/p>\n\t\t\t\t<img loading=\"lazy\" decoding=\"async\" src=\"https:\/\/www.nbscia.ca\/wp-content\/uploads\/2020\/09\/20200608_132442-scaled.jpg\" alt=\"20200608_132442\" itemprop=\"image\" height=\"2560\" width=\"1920\" title=\"20200608_132442\" onerror=\"this.style.display='none'\"  \/>\n\n","protected":false},"excerpt":{"rendered":"<p>AASCNB Am\u00e9lioration de la durabilit\u00e9des sols et des cultures auNouveau-Brunswick Rapports de recherche, fiches d&rsquo;information et bulletins L&rsquo;AASCNB participe \u00e0 des recherches avec des parties int\u00e9ress\u00e9es \u00e0 acc\u00e9der \u00e0 des&hellip;<\/p>\n","protected":false},"author":2,"featured_media":0,"parent":0,"menu_order":0,"comment_status":"closed","ping_status":"closed","template":"","meta":{"footnotes":""},"class_list":["post-129","page","type-page","status-publish","hentry"],"_links":{"self":[{"href":"https:\/\/www.nbscia.ca\/fr\/wp-json\/wp\/v2\/pages\/129","targetHints":{"allow":["GET"]}}],"collection":[{"href":"https:\/\/www.nbscia.ca\/fr\/wp-json\/wp\/v2\/pages"}],"about":[{"href":"https:\/\/www.nbscia.ca\/fr\/wp-json\/wp\/v2\/types\/page"}],"author":[{"embeddable":true,"href":"https:\/\/www.nbscia.ca\/fr\/wp-json\/wp\/v2\/users\/2"}],"replies":[{"embeddable":true,"href":"https:\/\/www.nbscia.ca\/fr\/wp-json\/wp\/v2\/comments?post=129"}],"version-history":[{"count":14,"href":"https:\/\/www.nbscia.ca\/fr\/wp-json\/wp\/v2\/pages\/129\/revisions"}],"predecessor-version":[{"id":1909,"href":"https:\/\/www.nbscia.ca\/fr\/wp-json\/wp\/v2\/pages\/129\/revisions\/1909"}],"wp:attachment":[{"href":"https:\/\/www.nbscia.ca\/fr\/wp-json\/wp\/v2\/media?parent=129"}],"curies":[{"name":"wp","href":"https:\/\/api.w.org\/{rel}","templated":true}]}}