{"id":127,"date":"2020-07-23T20:42:17","date_gmt":"2020-07-23T20:42:17","guid":{"rendered":"http:\/\/nbscia.mightymiramichi.ca\/?page_id=127"},"modified":"2024-03-07T17:53:19","modified_gmt":"2024-03-07T17:53:19","slug":"liens","status":"publish","type":"page","link":"https:\/\/www.nbscia.ca\/fr\/liens\/","title":{"rendered":"Liens"},"content":{"rendered":"\n<h1>\n\t\t AASCNB\n\t<\/h1>\n<h2>\n\t\tAm\u00e9lioration de la durabilit\u00e9<br \/>des sols et des cultures au<br \/>Nouveau-Brunswick\n\t<\/h2>\n\n\t<p><a href=\"https:\/\/fermierspourlatransitionclimatique.ca\/\">Fermiers pour la transition climatique<\/a><\/p>\n<ul>\n<li><a href=\"https:\/\/youtu.be\/1B8Vks3a390?feature=shared\">Vid\u00e9o de MFR<\/a><\/li>\n<\/ul>\n<p><a href=\"http:\/\/fermenbfarm.ca\/\" target=\"_blank\" rel=\"noopener\">Alliance Agricole du N.-B.<\/a><\/p>\n<p><a href=\"http:\/\/www.acornorganic.org\/\" target=\"_blank\" rel=\"noopener\">ACORN<\/a><\/p>\n<p><a href=\"http:\/\/www.farmcentre.com\/\" target=\"_blank\" rel=\"noopener\">Farm Centre<\/a><\/p>\n<p><a href=\"https:\/\/www.ifao.com\/\" target=\"_blank\" rel=\"noopener\">Innovative Farmers Association of Ontario\u00a0 <\/a><\/p>\n<p><a href=\"http:\/\/www.ontariosoilcrop.org\/\" target=\"_blank\" rel=\"noopener\">OSCIA<\/a><\/p>\n<p>&nbsp;<\/p>\n\t<p><a href=\"http:\/\/www.agr.gc.ca\/fra\/accueil\/?id=1395690825741\" target=\"_blank\" rel=\"noopener\">AAC<\/a><\/p>\n<p><a href=\"http:\/\/www.zoneverte.com\/?resetfarmzone\" target=\"_blank\" rel=\"noopener\">M\u00e9t\u00e9o ZoneVerte<\/a><\/p>\n<p><a href=\"http:\/\/www.soilcc.ca\/\" target=\"_blank\" rel=\"noopener\">Conseil Canadien de Conservation des Sols<\/a><\/p>\n<p><a href=\"http:\/\/www.peiscia.ca\/\" target=\"_blank\" rel=\"noopener\">PEI Soil &amp; Crop Improvement Association<\/a><\/p>\n<p><a href=\"https:\/\/www.potatoesnb.com\/\" target=\"_blank\" rel=\"noopener\">Pomme de Terre N.-B.<\/a><\/p>\n\n","protected":false},"excerpt":{"rendered":"<p>AASCNB Am\u00e9lioration de la durabilit\u00e9des sols et des cultures auNouveau-Brunswick Fermiers pour la transition climatique Vid\u00e9o de MFR Alliance Agricole du N.-B. ACORN Farm Centre Innovative Farmers Association of Ontario\u00a0&hellip;<\/p>\n","protected":false},"author":2,"featured_media":0,"parent":0,"menu_order":0,"comment_status":"closed","ping_status":"closed","template":"","meta":{"footnotes":""},"class_list":["post-127","page","type-page","status-publish","hentry"],"_links":{"self":[{"href":"https:\/\/www.nbscia.ca\/fr\/wp-json\/wp\/v2\/pages\/127","targetHints":{"allow":["GET"]}}],"collection":[{"href":"https:\/\/www.nbscia.ca\/fr\/wp-json\/wp\/v2\/pages"}],"about":[{"href":"https:\/\/www.nbscia.ca\/fr\/wp-json\/wp\/v2\/types\/page"}],"author":[{"embeddable":true,"href":"https:\/\/www.nbscia.ca\/fr\/wp-json\/wp\/v2\/users\/2"}],"replies":[{"embeddable":true,"href":"https:\/\/www.nbscia.ca\/fr\/wp-json\/wp\/v2\/comments?post=127"}],"version-history":[{"count":14,"href":"https:\/\/www.nbscia.ca\/fr\/wp-json\/wp\/v2\/pages\/127\/revisions"}],"predecessor-version":[{"id":1745,"href":"https:\/\/www.nbscia.ca\/fr\/wp-json\/wp\/v2\/pages\/127\/revisions\/1745"}],"wp:attachment":[{"href":"https:\/\/www.nbscia.ca\/fr\/wp-json\/wp\/v2\/media?parent=127"}],"curies":[{"name":"wp","href":"https:\/\/api.w.org\/{rel}","templated":true}]}}