{"id":124,"date":"2020-07-23T20:42:38","date_gmt":"2020-07-23T20:42:38","guid":{"rendered":"http:\/\/nbscia.mightymiramichi.ca\/?page_id=124"},"modified":"2024-06-12T12:57:34","modified_gmt":"2024-06-12T12:57:34","slug":"nous-contacter","status":"publish","type":"page","link":"https:\/\/www.nbscia.ca\/fr\/nous-contacter\/","title":{"rendered":"Nous contacter"},"content":{"rendered":"\n<h1>\n\t\t AASCNB\n\t<\/h1>\n<h2>\n\t\tAm\u00e9lioration de la durabilit\u00e9<br \/>des sols et des cultures au<br \/>Nouveau-Brunswick\n\t<\/h2>\n\n\t<strong>Am\u00e9lioration de la durabilit\u00e9 des sols et des cultures au Nouveau-Brunswick (AASCNB)<\/strong><br \/>\n150, all\u00e9e Woodside, unit\u00e9 2<br \/>\nFredericton, NB, Canada E3C 2R9\nT\u00e9l\u00e9phone : (506) 454-1736<br \/>\nFax : (506) 453-1985\n<strong>Directeur ex\u00e9cutif :<\/strong><br \/>\nRay Carmichael<br \/>\nCourriel: <a href=\"mailto:gm@nbscia.ca\">gm@nbscia.ca<\/a>\n<strong>President:<br \/>\n<\/strong>John Bos<br \/>\nCourriel: <a href=\"mailto:johnbos.boscenic@gmail.com\">johnbos.boscenic@gmail.com<\/a>\n<form>\n\t<input type=\"hidden\" name=\"fl-layout-id\" value=\"124\" \/>\n    \t\t<label for=\"pp-name-\">Nom :<\/label>\n    \t\tVeuillez saisir votre nom.\n    \t\t<input type=\"text\" name=\"pp-name\" id=\"pp-name-\" value=\"\" placeholder=\"Nom :\"  \/>\n    \t\t<label for=\"pp-email-\">Courriel :<\/label>\n    \t\tVeuillez saisir une adresse email valide.\n    \t\t<input type=\"email\" name=\"pp-email\" id=\"pp-email-\" value=\"\" placeholder=\"Courriel :\"  \/>\n    \t\t<label for=\"pp-message-\">Note de message :<\/label>\n    \t\tPlease type your message.\n    \t\t<textarea name=\"pp-message\" id=\"pp-message-\" placeholder=\"Note de message :\"><\/textarea>\n    \t<a href=\"#\" target=\"_self\" role=\"button\" rel=\"noopener\">\n    \t\t    \t\t    \t\tENVOYER\n    \t\t    \t\t    \t<\/a>\n\t\t\tMessage failed. Please try again.\n<\/form>\n  <p>Merci.<\/p>\n\n","protected":false},"excerpt":{"rendered":"<p>AASCNB Am\u00e9lioration de la durabilit\u00e9des sols et des cultures auNouveau-Brunswick Am\u00e9lioration de la durabilit\u00e9 des sols et des cultures au Nouveau-Brunswick (AASCNB) 150, all\u00e9e Woodside, unit\u00e9 2 Fredericton, NB, Canada&hellip;<\/p>\n","protected":false},"author":2,"featured_media":0,"parent":0,"menu_order":0,"comment_status":"closed","ping_status":"closed","template":"","meta":{"footnotes":""},"class_list":["post-124","page","type-page","status-publish","hentry"],"_links":{"self":[{"href":"https:\/\/www.nbscia.ca\/fr\/wp-json\/wp\/v2\/pages\/124","targetHints":{"allow":["GET"]}}],"collection":[{"href":"https:\/\/www.nbscia.ca\/fr\/wp-json\/wp\/v2\/pages"}],"about":[{"href":"https:\/\/www.nbscia.ca\/fr\/wp-json\/wp\/v2\/types\/page"}],"author":[{"embeddable":true,"href":"https:\/\/www.nbscia.ca\/fr\/wp-json\/wp\/v2\/users\/2"}],"replies":[{"embeddable":true,"href":"https:\/\/www.nbscia.ca\/fr\/wp-json\/wp\/v2\/comments?post=124"}],"version-history":[{"count":11,"href":"https:\/\/www.nbscia.ca\/fr\/wp-json\/wp\/v2\/pages\/124\/revisions"}],"predecessor-version":[{"id":1810,"href":"https:\/\/www.nbscia.ca\/fr\/wp-json\/wp\/v2\/pages\/124\/revisions\/1810"}],"wp:attachment":[{"href":"https:\/\/www.nbscia.ca\/fr\/wp-json\/wp\/v2\/media?parent=124"}],"curies":[{"name":"wp","href":"https:\/\/api.w.org\/{rel}","templated":true}]}}