{"id":123,"date":"2020-07-23T20:40:41","date_gmt":"2020-07-23T20:40:41","guid":{"rendered":"http:\/\/nbscia.mightymiramichi.ca\/?page_id=123"},"modified":"2025-12-09T15:00:51","modified_gmt":"2025-12-09T15:00:51","slug":"a-propos","status":"publish","type":"page","link":"https:\/\/www.nbscia.ca\/fr\/a-propos\/","title":{"rendered":"\u00c0 propos"},"content":{"rendered":"\n<h1>\n\t\t\t AASCNB\t<\/h1>\n<h2>\n\t\t\tAm\u00e9lioration de la durabilit\u00e9<br \/>des sols et des cultures au<br \/>Nouveau-Brunswick\t<\/h2>\n\n\t<p><strong>Notre vision<\/strong> consiste \u00e0 am\u00e9liorer la durabilit\u00e9 des sols et des cultures.<\/p>\n<p><strong>Notre mission<\/strong> est de stimuler l&rsquo;innovation, la recherche et le leadership pour l&rsquo;avancement de l&rsquo;industrie agricole au Nouveau-Brunswick.<\/p>\n<p><strong>Ce que nous faisons<\/strong><\/p>\n<ul>\n<li>En conjonction avec notre assembl\u00e9e g\u00e9n\u00e9rale annuelle, nous organisons des s\u00e9minaires \u00e9ducatifs pour nos membres sur un large \u00e9ventail de sujets sur les sols et les cultures.<\/li>\n<li>Nous sponsorisons des conf\u00e9renciers invit\u00e9s et nous organisons des journ\u00e9es de terrain et des visites, aux niveaux provincial et local.<\/li>\n<li>Nous sponsorisons et distribuons du mat\u00e9riel p\u00e9dagogique.<\/li>\n<li>Nous travaillons en partenariat avec Agriculture Canada et le Minist\u00e8re de l&rsquo;Agriculture du Nouveau-Brunswick sur des projets de recherche tels que l&rsquo;\u00e9valuation des cultivars.<\/li>\n<li>Nous faisons la promotion des techniques agricoles nouvelles et novatrices.<\/li>\n<li>Nous sponsorisons la participation des membres \u00e0 des s\u00e9minaires \u00e0 l&rsquo;ext\u00e9rieur de la province concernant les sols et les cultures.<\/li>\n<li>Nous d\u00e9veloppons et pr\u00e9sentons des documents de position sur un large \u00e9ventail de questions au gouvernement (politique de l&rsquo;utilisation des terres, questions environnementales, politique de chaux, lutte contre les mauvaises herbes, sensibilisation \u00e0 l&rsquo;agriculture dans les \u00e9coles du Nouveau-Brunswick, ententes f\u00e9d\u00e9rales-provinciales et recherche).<\/li>\n<li>Nous servons sur des comit\u00e9s de diff\u00e9rentes organisations, tel que l&rsquo;Alliance Agricole du Nouveau-Brunswick, Le Centre de conservation des sols et de l&rsquo;eau de l&rsquo;Est du Canada, et le Conseil Canadien de Conservation des Sols.<\/li>\n<\/ul>\n<p><strong>Devenir un membre <\/strong><\/p>\n<ul>\n<li>Les membres de l&rsquo;AASCNB soient donner l&rsquo;acc\u00e8s \u00e0 leurs coordinateurs du club de sol et culture local qui vont partager les d\u00e9tails sur les ateliers, les programmes de financement gouvernementaux et d&rsquo;autres topics associer avec l&rsquo;agriculture. Nos membres sera ajoute \u00e0 notre liste de courriels pour recevoir ces mises \u00e0 jour et re\u00e7oivent un rabais pour tous les \u00e9chantillons envoyer pour \u00eatre analyser par le Laboratoire analytique d&rsquo;\u00cele du Prince \u00c9douard.<\/li>\n<li>L&rsquo;adh\u00e9sion de base est 75,00$ plus HST. Une part de la coute d&rsquo;adh\u00e9sion va pour l&rsquo;association local de sol et culture et le reste va pour L&rsquo;AASCNB.<\/li>\n<li>Les coordinateurs de L&rsquo;AASCNB peuvent fournir les services qui suive avec une adh\u00e9sion promouvoir. L&rsquo;\u00e9chantillonnage du sol, du fumier et du feuillage et l&rsquo;interop\u00e9ration des r\u00e9sultats, les recommandations de nutriments, l&rsquo;assistance pour le d\u00e9veloppement des plans de gestion de nutriments et les plans d&rsquo;environnemental pour la ferme et la cartographie par GPS. Le prix d&rsquo;adh\u00e9sion promouvoir est d\u00e9terminer par la travaille et temps du coordinateur n\u00e9cessaire pour compl\u00e9ter la demande.<\/li>\n<li>Devenir un membre est simple! Seulement contacter votre coordinateur par utiliser l&rsquo;information du contact qui se trouve sous l&rsquo;onglet <strong>Locales<\/strong>.<\/li>\n<\/ul>\n\t<h3>DIRECTEURS de l&rsquo;AASCNB 2025<\/h3>\nJohn Bos &#8211; Pr\u00e9sident<br \/>\nDean Acton &#8211; Vice Pr\u00e9sident<br \/>\nJason Cleveland\u00a0&#8211; Secr\u00e9taire\/Tr\u00e9sorier<br \/>\nAllain C\u00f4t\u00e9<br \/>\nAndr\u00e9 C\u00f4t\u00e9<br \/>\nEtienne Godin<br \/>\nAlain Lepage<br \/>\nCharlie McIntosh<br \/>\nJordan Crawford<br \/>\nAlex Jopp<br \/>\nDavid Christie<br \/>\nRyan van de Brand<br \/>\nFred Anderson<br \/>\nEllen Gammon<br \/>\nJohn Riordon<br \/>\nChandler Colpitts\n\t<p><strong>Objectifs<\/strong><\/p>\n<ul>\n<li>D\u00e9velopper, promouvoir et d\u00e9montrer des pratiques agricoles \u00e9cologiquement et \u00e9conomiquement rationnelles en ce qui concerne les sols et les cultures au Nouveau-Brunswick.<\/li>\n<li>Fournir aux membres de l&rsquo;AASCNB des services et des ressources n\u00e9cessaires au bon d\u00e9veloppement des sols et des cultures au Nouveau-Brunswick.<\/li>\n<li>Sensibiliser le public aux r\u00e9alisations et aux pr\u00e9occupations de l&rsquo;AASCNB et de ses membres.<\/li>\n<li>\u00catre une influence respect\u00e9e et positive sur le gouvernement en ce qui concerne les questions pertinentes pour l&rsquo;AASCNB et ses membres.<\/li>\n<li>D\u00e9velopper et g\u00e9rer les fonds de fonctionnement n\u00e9cessaires pour r\u00e9pondre aux besoins de l&rsquo;AASCNB.<\/li>\n<li>D\u00e9velopper une communication fiable qui transf\u00e8re l&rsquo;information \u00e0 l&rsquo;endroit o\u00f9 elle est n\u00e9cessaire.<\/li>\n<li>Concevoir des membres participant activement \u00e0 des r\u00f4les engag\u00e9s et de soutien.<\/li>\n<li>Explorer des nouvelles id\u00e9es et innovations gr\u00e2ce \u00e0 la recherche pour la durabilit\u00e9 \u00e9conomique et environnementale.<\/li>\n<li>D\u00e9velopper la croissance et la stabilit\u00e9 financi\u00e8re pour la s\u00e9curit\u00e9 des programmes ind\u00e9pendants non compromettants.<\/li>\n<\/ul>\n<p><strong>Futur<\/strong><\/p>\n<ul>\n<li>Avec le passage rapide \u00e0 une \u00e9conomie mondiale et la comp\u00e9titivit\u00e9 dans le monde entier, et le d\u00e9clin de participation du gouvernement dans le secteur agricole, nous avons besoin d&rsquo;une organisation forte agricole d\u00e9di\u00e9e en mesure de promouvoir les int\u00e9r\u00eats de nos agriculteurs.<\/li>\n<li>Les probl\u00e8mes environnementaux deviennent une consid\u00e9ration majeure dans la fa\u00e7on dont nous menons nos activit\u00e9s.<\/li>\n<li>L&rsquo;AASCNB continuera \u00e0 ouvrir la voie en promouvant la philosophie et l&rsquo;utilisation des pratiques de gestion b\u00e9n\u00e9fiques, en distribuant du mat\u00e9riel p\u00e9dagogique, et en organisant des s\u00e9minaires.<\/li>\n<li>Nous continuerons \u00e0 promouvoir des techniques nouvelles et novatrices qui am\u00e9lioreront la comp\u00e9titivit\u00e9 de nos agriculteurs.<\/li>\n<li>Nous continuerons notre r\u00f4le consultatif aupr\u00e8s des gouvernements.<\/li>\n<li>Nous nous efforcerons de mener des recherches pour trouver les cultivars les plus rentables et les m\u00e9thodes durables pour les agriculteurs du Nouveau-Brunswick.<\/li>\n<li>Nous devrons \u00eatre encore plus actifs pour sensibiliser le public \u00e0 notre industrie et veiller \u00e0 ce que nos membres soient bien inform\u00e9s sur les enjeux actuels gr\u00e2ce \u00e0 un bulletin d&rsquo;information r\u00e9gulier et \u00e0 jour.<\/li>\n<\/ul>\n\n","protected":false},"excerpt":{"rendered":"<p>AASCNB Am\u00e9lioration de la durabilit\u00e9des sols et des cultures auNouveau-Brunswick Notre vision consiste \u00e0 am\u00e9liorer la durabilit\u00e9 des sols et des cultures. Notre mission est de stimuler l&rsquo;innovation, la recherche&hellip;<\/p>\n","protected":false},"author":2,"featured_media":0,"parent":0,"menu_order":0,"comment_status":"closed","ping_status":"closed","template":"","meta":{"footnotes":""},"class_list":["post-123","page","type-page","status-publish","hentry"],"_links":{"self":[{"href":"https:\/\/www.nbscia.ca\/fr\/wp-json\/wp\/v2\/pages\/123","targetHints":{"allow":["GET"]}}],"collection":[{"href":"https:\/\/www.nbscia.ca\/fr\/wp-json\/wp\/v2\/pages"}],"about":[{"href":"https:\/\/www.nbscia.ca\/fr\/wp-json\/wp\/v2\/types\/page"}],"author":[{"embeddable":true,"href":"https:\/\/www.nbscia.ca\/fr\/wp-json\/wp\/v2\/users\/2"}],"replies":[{"embeddable":true,"href":"https:\/\/www.nbscia.ca\/fr\/wp-json\/wp\/v2\/comments?post=123"}],"version-history":[{"count":11,"href":"https:\/\/www.nbscia.ca\/fr\/wp-json\/wp\/v2\/pages\/123\/revisions"}],"predecessor-version":[{"id":2831,"href":"https:\/\/www.nbscia.ca\/fr\/wp-json\/wp\/v2\/pages\/123\/revisions\/2831"}],"wp:attachment":[{"href":"https:\/\/www.nbscia.ca\/fr\/wp-json\/wp\/v2\/media?parent=123"}],"curies":[{"name":"wp","href":"https:\/\/api.w.org\/{rel}","templated":true}]}}