{"id":1036,"date":"2022-05-19T15:05:18","date_gmt":"2022-05-19T15:05:18","guid":{"rendered":"https:\/\/www.nbscia.ca\/?page_id=1036"},"modified":"2026-03-25T16:26:22","modified_gmt":"2026-03-25T16:26:22","slug":"aide-memoire-programme-fafc","status":"publish","type":"page","link":"https:\/\/www.nbscia.ca\/fr\/aide-memoire-programme-fafc\/","title":{"rendered":"Aide-m\u00e9moire &#8211; Programme FAFC"},"content":{"rendered":"\n<h1>\n\t\t\t AASCNB\t<\/h1>\n<h2>\n\t\t\tAm\u00e9lioration de la durabilit\u00e9<br \/>des sols et des cultures au<br \/>Nouveau-Brunswick\t<\/h2>\n\n\t\t\t<a href=\"https:\/\/www.nbscia.ca\/wp-content\/uploads\/2025\/03\/NBSCIA-Press-Release_Jan-29-2025-FR.pdf\"  target=\"_blank\" rel=\"noopener\"    rel=\"noopener\">\n\t\t\t\t\t\t\tLire le communiqu\u00e9 de presse (fichier PDF)\n\t\t\t\t\t<\/a>\n\t\t\t<a href=\"https:\/\/www.nbscia.ca\/wp-content\/uploads\/2025\/03\/AANB-EActivity-Report_mar27_French.pdf\"  target=\"_blank\" rel=\"noopener\"    rel=\"noopener\">\n\t\t\t\t\t\t\tLire le communiqu\u00e9 de presse mars 2025\n\t\t\t\t\t<\/a>\n\t<p><img loading=\"lazy\" decoding=\"async\" src=\"https:\/\/www.nbscia.ca\/wp-content\/uploads\/2022\/05\/Picture1.png\" alt=\"\" width=\"237\" height=\"153\" \/><\/p>\n<p>Le Fonds d&rsquo;action \u00e0 la ferme pour le climat (FAFC) est une initiative visant \u00e0 aider les agriculteurs \u00e0 lutter contre le changement climatique. Le Fonds fait partie de l&rsquo;initiative Solutions agricoles pour le climat du gouvernement du Canada, qui rel\u00e8ve du Fonds pour des solutions climatiques naturelles de 4\u00a0milliards de dollars, un programme g\u00e9r\u00e9 par Ressources naturelles Canada, Environnement et Changement climatique Canada, et Agriculture et Agroalimentaire Canada.<\/p>\n<p>L&rsquo;objectif du Fonds est d&rsquo;aider les producteurs \u00e0 adopter des pratiques de gestion b\u00e9n\u00e9fiques (PGB) visant \u00e0 stocker le carbone et \u00e0 r\u00e9duire les \u00e9missions de gaz \u00e0 effet de serre dans trois domaines particuliers, soit\u00a0:<\/p>\n<ol>\n<li>la gestion de l&rsquo;azote<\/li>\n<li>le recours aux cultures de couverture<\/li>\n<li>la rotation des p\u00e2turages<\/li>\n<\/ol>\n<p>Ces pratiques apportent \u00e9galement d&rsquo;autres avantages environnementaux, notamment en favorisant la biodiversit\u00e9 et la sant\u00e9 des sols.<\/p>\n<p>D&rsquo;autres activit\u00e9s visant \u00e0 soutenir l&rsquo;adoption de pratiques de gestion b\u00e9n\u00e9fiques, telles que la sensibilisation, l&rsquo;\u00e9ducation et la formation, sont soutenues.<\/p>\n<p>Il faut s&rsquo;inscrire pour pouvoir faire une demande en utilisant les formulaires ci-dessous.\u00a0 Si vous n&rsquo;avez pas de No PAPI\u00a0<a href=\"https:\/\/www2.gnb.ca\/content\/gnb\/fr\/services\/services_renderer.201447.Registre_des_entreprises_agricoles.html\">vous pouvez vous inscrire en cliquant ici.<\/a><\/p>\n<h1>\n\t\t\tLignes directrices du programme FAFC 2-21\t<\/h1>\n\t<p>Les descriptions des \u00e9l\u00e9ments et des activit\u00e9s de PGB admissibles et non admissibles sont disponibles dans le document Lignes directrices du programme.<\/p>\n\t\t\t<a href=\"https:\/\/www.nbscia.ca\/wp-content\/uploads\/2026\/03\/2_AASCNB_FAFC_Program-Guidelines_2026-2027_Dec21FR.pdf\"  target=\"_blank\" rel=\"noopener\"    rel=\"noopener\">\n\t\t\t\t\t\t\tLignes directrices du programme FAFC 2-21\n\t\t\t\t\t<\/a>\n<h2>\n\t\t\tAide au programme FAFC 2-21\t<\/h2>\n\t<p>Des contributions financi\u00e8res seront accord\u00e9es pour les \u00e9l\u00e9ments suivants. Des conditions suppl\u00e9mentaires s&rsquo;appliquent.<\/p>\n\t<p>A. Gestion de l&rsquo;azote<\/p>\n\t<p>\u2022 85 % jusqu&rsquo;\u00e0 5 000 $ pour un plan de gestion des nutriments bas\u00e9 sur l&rsquo;azote sur 3 ans et 85 % jusqu&rsquo;\u00e0 2 500 $ pour un plan de gestion des nutriments bas\u00e9 sur l&rsquo;azote sur 1 an, y compris des plans de diversification des cultures pour augmenter les l\u00e9gumineuses et les l\u00e9gumes secs dans la rotation ; travaux d&rsquo;ing\u00e9nierie ou de conception technique par un professionnel qualifi\u00e9 ;<\/p>\n<p>\u2022 85 % jusqu&rsquo;\u00e0 20 000 $ combin\u00e9s pour les analyses de sol g\u00e9or\u00e9f\u00e9renc\u00e9es et la cartographie des sols ;<\/p>\n<p>\u2022 85 % de la diff\u00e9rence de prix entre les engrais azot\u00e9s ordinaires et les inhibiteurs de nitrification et d&rsquo;ur\u00e9ase<\/p>\n<p>\u2022 85 % de la diff\u00e9rence de prix entre l&rsquo;engrais ordinaire et l&rsquo;ur\u00e9e enrob\u00e9e de polym\u00e8re (UAP) ;<\/p>\n<p>\u2022 85 % jusqu&rsquo;\u00e0 18,00 $ par acre pour l&rsquo;application fractionn\u00e9e d&rsquo;engrais \u00e0 un taux r\u00e9duit en raison de l&rsquo;efficacit\u00e9 accrue de l&rsquo;utilisation des cultures ;<\/p>\n<p>\u2022 85 % jusqu&rsquo;\u00e0 100 $ par acre pour compenser l&rsquo;utilisation d&rsquo;amendements organiques du sol et de substituts d&rsquo;engrais synth\u00e9tiques (fumier\/fumier solide, compost, digestats);<\/p>\n<p>\u2022 85 % du co\u00fbt de l&rsquo;\u00e9quipement d&rsquo;\u00e9pandage d&rsquo;engrais et des mises \u00e0 niveau de l&rsquo;\u00e9quipement, jusqu&rsquo;\u00e0 concurrence de 30,000 $, pour permettre l&rsquo;\u00e9pandage fractionn\u00e9, l&rsquo;\u00e9pandage en bandes, l&rsquo;\u00e9pandage en bandes lat\u00e9rales et l&rsquo;injection, et qui doit appuyer l&rsquo;adoption d&rsquo;une autre PGB sp\u00e9cifique \u00e0 l&rsquo;azote;<\/p>\n<p>\u2022 85 % jusqu&rsquo;\u00e0 90 $ l&rsquo;acre pour l&rsquo;achat de semences de l\u00e9gumineuses aupr\u00e8s de marchands enregistr\u00e9s r\u00e9pertori\u00e9s par l&rsquo;AASCNB et sem\u00e9es avant le 15 ao\u00fbt et 85 % du co\u00fbt de plantation (labour et semis) pour augmenter les l\u00e9gumineuses dans la rotation jusqu&rsquo;\u00e0 130 $ l&rsquo;acre dans les rotations pour tenir compte du cr\u00e9dit d&rsquo;azote provenant des l\u00e9gumineuses dans la culture subs\u00e9quente<\/p>\n\t<p>B. Culture de couverture<\/p>\n\t<ul>\n<li>85% up to $3000 for &#8211; 85 % jusqu&rsquo;\u00e0 3000 $ pour les co\u00fbts des services professionnels li\u00e9s \u00e0 la planification et aux \u00e9valuations techniques au besoin (p. ex. services agronomiques);<\/li>\n<\/ul>\n<p>&nbsp;<\/p>\n<ul>\n<li>85 % jusqu&rsquo;\u00e0 90,00 $ par acre pour les semences de cultures de couverture d&rsquo;esp\u00e8ces annuelles ou vivaces pour l&rsquo;achat de semences certifi\u00e9es ou ordinaires d&rsquo;esp\u00e8ces de cultures de couverture recommand\u00e9es aupr\u00e8s de revendeurs agr\u00e9\u00e9s r\u00e9pertori\u00e9s par l&rsquo;AASCNB, si une l\u00e9gumineuse est incluse dans le m\u00e9lange de cultures de couverture, le m\u00e9lange doit \u00eatre sem\u00e9 avant le 15 ao\u00fbt. Plus 85 % des co\u00fbts de la plantation (travail du sol et semis) aux taux de travail recommand\u00e9s par l&rsquo;AASCNB jusqu&rsquo;\u00e0 130,00 $ par acre<\/li>\n<\/ul>\n<p>&nbsp;<\/p>\n<ul>\n<li>50 :50 co\u00fbt partag\u00e9 \u00e0 parts \u00e9gales avec le demandeur\/b\u00e9n\u00e9ficiaire final, jusqu&rsquo;\u00e0 concurrence de 30 000 $, pour l&rsquo;\u00e9quipement de semis de cultures de couverture et les mises \u00e0 niveau admissibles, comme indiqu\u00e9 ci-dessus: semoirs sans labour, semoirs \u00e0 la vol\u00e9e et outils de travail du sol vertical \u00e9quip\u00e9s d&rsquo;un semoir pneumatique. Les conseillers doivent valider la conformit\u00e9 de l&rsquo;\u00e9quipement aux objectifs agronomiques du plan de cultures de couverture. Le demandeur\/b\u00e9n\u00e9ficiaire final doit d\u00e9clarer que l&rsquo;achat est n\u00e9cessaire et raisonnable, et que des options de location ou de personnalisation ont \u00e9t\u00e9 envisag\u00e9es. Cette justification doit \u00eatre document\u00e9e dans le plan de cultures de couverture approuv\u00e9.<\/li>\n<\/ul>\n\t<p>C. P\u00e2turage en rotation<\/p>\n\t<p>\u2022 85 % jusqu&rsquo;\u00e0 3 000 $ pour les plans de gestion des p\u00e2turages ;<\/p>\n<p>\u2022 85 % jusqu&rsquo;\u00e0 5 000 $ pour la planification, les \u00e9valuations techniques ou les conceptions techniques (par exemple, plan de p\u00e2turage en rotation, travaux d&rsquo;ing\u00e9nierie ou de conception technique par un professionnel qualifi\u00e9) ;<\/p>\n<p>\u2022 Jusqu&rsquo;\u00e0 85 % pour les nouvelles cl\u00f4tures et les syst\u00e8mes d&rsquo;abreuvement du b\u00e9tail aliment\u00e9s par des \u00e9nergies renouvelables afin de renforcer le syst\u00e8me de p\u00e2turage en rotation ;<\/p>\n<p>\u2022 85 % du co\u00fbt d&rsquo;achat de semences certifi\u00e9es ou ordinaires de m\u00e9langes de l\u00e9gumineuses et de gramin\u00e9es recommand\u00e9s pour les p\u00e2turages aupr\u00e8s de revendeurs agr\u00e9\u00e9s r\u00e9pertori\u00e9s par l&rsquo;AASCNB, sem\u00e9es avant le 15 ao\u00fbt dans un p\u00e2turage en rotation, et 85 % du co\u00fbt d&rsquo;un semis direct ou d&rsquo;un semis sur sol gel\u00e9 pour am\u00e9liorer la composition des p\u00e2turages (augmentation de la teneur en luzerne, fourrage de haute qualit\u00e9 et esp\u00e8ces contenant du tanin, comme le sainfoin) ; et autres activit\u00e9s li\u00e9es \u00e0 l&rsquo;adoption d&rsquo;un p\u00e2turage de courte dur\u00e9e appuy\u00e9 par un plan de gestion des p\u00e2turages<\/p>\n<h1>\n\t\t\tInscription au programme FAFC 2-21\t<\/h1>\n\t<p>La premi\u00e8re \u00e9tape consiste \u00e0 s&rsquo;inscrire en tant que producteur agricole du Nouveau-Brunswick pour recevoir les formulaires de demande appropri\u00e9s. L&rsquo;inscription n\u00e9cessite un num\u00e9ro NBRAP. Si vous n&rsquo;avez pas de num\u00e9ro PARNB, vous pouvez vous inscrire en <a href=\"https:\/\/www2.gnb.ca\/content\/gnb\/fr\/services\/services_renderer.201447.Registre_des_entreprises_agricoles.html\" target=\"_blank\" rel=\"noopener\">cliquant ici.<\/a><\/p>\n\t<p><strong>NOTE\u00a0: Vous devez utiliser Adobe Reader pour soumettre le formulaire \u00e9lectroniquement. Si vous n&rsquo;avez pas install\u00e9 Adobe Reader, vous pouvez le t\u00e9l\u00e9charger en <\/strong><a href=\"https:\/\/get.adobe.com\/fr\/reader\/\"><strong>cliquant ici<\/strong><\/a><strong>.<\/strong><\/p>\n<p>Apr\u00e8s avoir rempli le formulaire et cliqu\u00e9 sur le bouton \u00ab Soumettre \u00bb (en haut du formulaire), s&rsquo;il ne se produit rien, enregistrez le fichier PDF \u00e0 un emplacement facilement localisable sur votre ordinateur. Adressez un courriel \u00e0 ofcaf.facf@nbscia.ca et joignez le PDF d&rsquo;inscription au FAFC. Envoyez-le.<\/p>\n\t\t\t<a href=\"https:\/\/www.nbscia.ca\/wp-content\/uploads\/2022\/09\/Inscription_au_programme_du_FACF.pdf\"  target=\"_blank\" rel=\"noopener\"    rel=\"noopener\">\n\t\t\t\t\t\t\tInscription_au_programme\n\t\t\t\t\t<\/a>\n\t<p>Aper\u00e7us d\u00e9taill\u00e9s des informations requises pour les \u00e9l\u00e9ments de PGB du projet et les estimations de co\u00fbts<\/p>\n<p><strong>Les demandes seront accept\u00e9es du 1er\u00a0avril\u00a02025 au 31\u00a0ao\u00fbt\u00a02025 (date de cl\u00f4ture lorsque le financement sera enti\u00e8rement allou\u00e9) pour les projets financ\u00e9s au cours de l&rsquo;exercice se terminant le 31\u00a0mars\u00a02026.<\/strong><\/p>\n<p><strong>Les demandes seront accept\u00e9es du 1er janvier 2026 au 31 ao\u00fbt 2026 (date de cl\u00f4ture lorsque le financement est enti\u00e8rement allou\u00e9) pour les projets financ\u00e9s au cours de l&rsquo;exercice se terminant le 31 mars 2027. ***RAPPELEZ-VOUS que les paiements pour les d\u00e9penses du projet ne peuvent pas avoir lieu avant le 1er avril 2026.***<\/strong><\/p>\n<p><strong>Les demandes seront accept\u00e9es du 1er janvier 2027 au 31 ao\u00fbt 2027 (date de cl\u00f4ture lorsque le financement est enti\u00e8rement allou\u00e9) pour les projets financ\u00e9s dans l&rsquo;exercice se terminant le 31 mars 2028. ***RAPPELEZ-VOUS que les paiements pour les d\u00e9penses du projet ne peuvent pas avoir lieu avant le 1er avril 2027.***<\/strong><\/p>\n\n<h1>\n\t\t\tLignes Directrices pour les Inscriptions FAFC 2-21\t<\/h1>\n\t\t\t<a href=\"https:\/\/www.nbscia.ca\/wp-content\/uploads\/2026\/03\/6_AGRICULTURAL-CLIMATE-SOLUTIONS_ApplicationGuide-2026-2027_-FR_jan2026.docx\"  target=\"_blank\" rel=\"noopener\"    rel=\"noopener\">\n\t\t\t\t\t\t\tLignes directrices pour les inscriptions FAFC 2-21\n\t\t\t\t\t<\/a>\n<h1>\n\t\t\tBourse d&rsquo;\u00e9tudes du FAFC\t<\/h1>\n\t<p>Gr\u00e2ce au Fonds d&rsquo;action climat \u00e0 la ferme d&rsquo;Agriculture et Agroalimentaire Canada (FICAF), les agrologues, les conseillers en cultures certifi\u00e9s et les agriculteurs (avec un num\u00e9ro de producteur agricole professionnel enregistr\u00e9) r\u00e9sidant au Nouveau-Brunswick peuvent recevoir 70 % des d\u00e9penses admissibles, jusqu&rsquo;\u00e0 concurrence de 5 000 $, dans le but de participer \u00e0 une conf\u00e9rence ou \u00e0 un cours \u00e9ducatif \u00e0 l&rsquo;ext\u00e9rieur du Nouveau-Brunswick.<\/p>\n\t\t\t<a href=\"https:\/\/www.nbscia.ca\/wp-content\/uploads\/2025\/06\/8-NBSCIA_OFCAF-Education-Course-Program-Guidelines_2025-2028.pdf\"  target=\"_blank\" rel=\"noopener\"    rel=\"noopener\">\n\t\t\t\t\t\t\tLignes directrices du programme d&rsquo;\u00e9ducation\n\t\t\t\t\t<\/a>\n\t\t\t<a href=\"https:\/\/www.nbscia.ca\/wp-content\/uploads\/2024\/12\/4_NBSCIA_OFCAF_Course_Conference_Application_FR.pdf\"  target=\"_blank\" rel=\"noopener\"    rel=\"noopener\">\n\t\t\t\t\t\t\tInscription aux cours et conf\u00e9rences\n\t\t\t\t\t<\/a>\n<h1>\n\t\t\tFiches d&rsquo;information\t<\/h1>\n\t<p><a href=\"https:\/\/www.nbscia.ca\/wp-content\/uploads\/2025\/10\/SEQUESTRATION-DU-CARBONE-DANS-DIFFERENTS-SYSTEMES-DE-PATURAGE.pdf\">S\u00e9questration du carbone dans diff\u00e9rents syst\u00e8mes de p\u00e2turage<\/a><\/p>\n<p><a href=\"https:\/\/www.nbscia.ca\/wp-content\/uploads\/2025\/10\/Selection-et-gestion-des-especes-de-cultures-de-couverture-dautomne.pdf\">S\u00e9lection et gestion des esp\u00e8ces de cultures de couverture d&rsquo;automne<\/a><\/p>\n<p><a href=\"https:\/\/www.nbscia.ca\/wp-content\/uploads\/2025\/10\/EFFICACITE-DUTILISATON-DES-ENGRAIS-AZOTES.pdf\">Efficacit\u00e9 d&rsquo;utilisation des engrais azot\u00e9s<\/a><\/p>\n<p><a href=\"https:\/\/www.nbscia.ca\/wp-content\/uploads\/2025\/10\/COMMENT-LES-CULTURES-DE-COUVERTURE-SEQUESTRENT-LE-CARBONE.pdf\">Comment les cultures de couverture s\u00e9questrent le carbone<\/a><\/p>\n<p><a href=\"https:\/\/www.nbscia.ca\/wp-content\/uploads\/2025\/10\/Installation-dun-systeme-solaire-dabreuvement-du-betail.pdf\">Installation d&rsquo;un syst\u00e8me solaire d&rsquo;abreuvement du b\u00e9tail<\/a><\/p>\n<p><a href=\"https:\/\/www.nbscia.ca\/wp-content\/uploads\/2025\/10\/CREDITS-DAZOTE-PROVENANT-DES-CULTURES-DE-COUVERTURE-A-BASE-DE-LEGUMINEUSES.pdf\">Cr\u00e9dits d&rsquo;azote provenant des cultures de couverture \u00e0 base de l\u00e9gumineuses<\/a><\/p>\n<p><a href=\"https:\/\/www.nbscia.ca\/wp-content\/uploads\/2025\/10\/Fertilisation-dazote-en-bandes-laterales-pour-le-mais-dans-le-Canada-atlantique.pdf\">Fertilisation d&rsquo;azote en bandes lat\u00e9rales pour le ma\u00efs dans le Canada Atlantique<\/a><\/p>\n<p><a href=\"https:\/\/www.nbscia.ca\/wp-content\/uploads\/2025\/10\/Texture-du-sol.pdf\">Texture du sol<\/a><\/p>\n<figure itemscope itemtype=\"https:\/\/schema.org\/ImageObject\">\n\t\t\t\t<img decoding=\"async\" src=\"https:\/\/www.nbscia.ca\/wp-content\/uploads\/2022\/07\/Screenshot-2022-07-07-130302-1024x45.jpg\" alt=\"Screenshot 2022-07-07 130302\" height=\"45\" width=\"1024\" title=\"Screenshot 2022-07-07 130302\" onerror=\"this.style.display='none'\" loading=\"lazy\" \/>\n\t<\/figure>\n\n","protected":false},"excerpt":{"rendered":"<p>AASCNB Am\u00e9lioration de la durabilit\u00e9des sols et des cultures auNouveau-Brunswick Lire le communiqu\u00e9 de presse (fichier PDF) Lire le communiqu\u00e9 de presse mars 2025 Le Fonds d&rsquo;action \u00e0 la ferme&hellip;<\/p>\n","protected":false},"author":2,"featured_media":0,"parent":0,"menu_order":0,"comment_status":"closed","ping_status":"closed","template":"","meta":{"footnotes":""},"class_list":["post-1036","page","type-page","status-publish","hentry"],"_links":{"self":[{"href":"https:\/\/www.nbscia.ca\/fr\/wp-json\/wp\/v2\/pages\/1036","targetHints":{"allow":["GET"]}}],"collection":[{"href":"https:\/\/www.nbscia.ca\/fr\/wp-json\/wp\/v2\/pages"}],"about":[{"href":"https:\/\/www.nbscia.ca\/fr\/wp-json\/wp\/v2\/types\/page"}],"author":[{"embeddable":true,"href":"https:\/\/www.nbscia.ca\/fr\/wp-json\/wp\/v2\/users\/2"}],"replies":[{"embeddable":true,"href":"https:\/\/www.nbscia.ca\/fr\/wp-json\/wp\/v2\/comments?post=1036"}],"version-history":[{"count":76,"href":"https:\/\/www.nbscia.ca\/fr\/wp-json\/wp\/v2\/pages\/1036\/revisions"}],"predecessor-version":[{"id":2839,"href":"https:\/\/www.nbscia.ca\/fr\/wp-json\/wp\/v2\/pages\/1036\/revisions\/2839"}],"wp:attachment":[{"href":"https:\/\/www.nbscia.ca\/fr\/wp-json\/wp\/v2\/media?parent=1036"}],"curies":[{"name":"wp","href":"https:\/\/api.w.org\/{rel}","templated":true}]}}